{"id":635,"date":"2023-05-03T16:23:43","date_gmt":"2023-05-03T16:23:43","guid":{"rendered":"https:\/\/www.orangerent.fi\/?page_id=635"},"modified":"2026-02-10T15:39:35","modified_gmt":"2026-02-10T15:39:35","slug":"ryhmille","status":"publish","type":"page","link":"https:\/\/www.orangerent.fi\/index.php\/ryhmille\/","title":{"rendered":"Ryhmille"},"content":{"rendered":"\n<p class=\"has-text-align-center has-large-font-size\"><strong> <\/strong>Hyvinvointia luonnollisesti Sinulle!<\/p>\n\n\n\n<p class=\"has-text-align-center\"><\/p>\n\n\n\n<p class=\"has-text-align-center has-black-color has-text-color has-background has-link-color wp-elements-8fbb16be27bc78668cfada420a302ca5\" style=\"background-color:#ffe9f4\"><em><strong>Hei, olemme Sinua varten! <\/strong><\/em><\/p>\n\n\n\n<p class=\"has-text-align-center has-black-color has-text-color has-background has-link-color wp-elements-35d0dd0dd9be7565e3e7eee7f071cf03\" style=\"background-color:#ffe9f4\">&#8221;<em>Meilt\u00e4 t\u00e4ydenpalvelun paketti tyhy\/tiimip\u00e4iv\u00e4\u00e4n, polttareihin, syntt\u00e4reille tai rentoiluun yst\u00e4vien kesken.<br>Tarjoamme sinulle hyvinvointia arjen kiireiden vastapainoksi. Aikaa rauhoittua ja rentoutua sek\u00e4 luvan olla vain. Lupaamme, ett\u00e4 unohdat arjen kiireet ja huolet kanssamme.<\/em>&#8221;<\/p>\n\n\n\n<div class=\"wp-block-media-text is-stacked-on-mobile\" style=\"grid-template-columns:49% auto\"><figure class=\"wp-block-media-text__media\"><img loading=\"lazy\" decoding=\"async\" width=\"1024\" height=\"1024\" src=\"https:\/\/www.orangerent.fi\/wp-content\/uploads\/2024\/09\/Yhteistyossa-Orangerent-Varpaniementila-Hieronta-tahtihetki-1-1024x1024.jpg\" alt=\"\" class=\"wp-image-1010 size-full\" srcset=\"https:\/\/www.orangerent.fi\/wp-content\/uploads\/2024\/09\/Yhteistyossa-Orangerent-Varpaniementila-Hieronta-tahtihetki-1-1024x1024.jpg 1024w, https:\/\/www.orangerent.fi\/wp-content\/uploads\/2024\/09\/Yhteistyossa-Orangerent-Varpaniementila-Hieronta-tahtihetki-1-300x300.jpg 300w, https:\/\/www.orangerent.fi\/wp-content\/uploads\/2024\/09\/Yhteistyossa-Orangerent-Varpaniementila-Hieronta-tahtihetki-1-150x150.jpg 150w, https:\/\/www.orangerent.fi\/wp-content\/uploads\/2024\/09\/Yhteistyossa-Orangerent-Varpaniementila-Hieronta-tahtihetki-1-768x768.jpg 768w, https:\/\/www.orangerent.fi\/wp-content\/uploads\/2024\/09\/Yhteistyossa-Orangerent-Varpaniementila-Hieronta-tahtihetki-1-1536x1536.jpg 1536w, https:\/\/www.orangerent.fi\/wp-content\/uploads\/2024\/09\/Yhteistyossa-Orangerent-Varpaniementila-Hieronta-tahtihetki-1-2048x2048.jpg 2048w, https:\/\/www.orangerent.fi\/wp-content\/uploads\/2024\/09\/Yhteistyossa-Orangerent-Varpaniementila-Hieronta-tahtihetki-1-1140x1140.jpg 1140w, https:\/\/www.orangerent.fi\/wp-content\/uploads\/2024\/09\/Yhteistyossa-Orangerent-Varpaniementila-Hieronta-tahtihetki-1-75x75.jpg 75w\" sizes=\"auto, (max-width: 1024px) 100vw, 1024px\" \/><\/figure><div class=\"wp-block-media-text__content\">\n<p class=\"has-text-align-center has-text-color has-link-color has-small-font-size wp-elements-2bf8ca3b3e99a965eef01b201cc712fb\" style=\"color:#a63975\">J\u00e4rjest\u00e4mme tapahtuman joko Sinun haluamassasi paikassa tai tiloissamme K\u00e4\u00e4rmelahdessa Varpaniemen tilan riihell\u00e4 tai Appelsiinilehdossa. Meill\u00e4 viet\u00e4t ikimuistoisia hetki\u00e4 isommalla tai pienemm\u00e4ll\u00e4 porukalla.<\/p>\n\n\n\n<p class=\"has-text-align-center has-text-color has-link-color has-small-font-size wp-elements-137839b2bb1fcebc157772ddeb2aad98\" style=\"color:#a63975\"><strong>Appelsiinilehto ja Varpaniemen tila sijaitsevat K\u00e4\u00e4rmelahdessa.<br>Meille ajelet Kuopion torilta puolessa tunnissa.<\/strong><\/p>\n\n\n\n<p class=\"has-text-align-center has-text-color has-link-color has-medium-font-size wp-elements-94fcde3ccab8baed61bceddb15830229\" style=\"color:#a63975\"><\/p>\n<\/div><\/div>\n\n\n\n<p><\/p>\n\n\n\n<hr class=\"wp-block-separator has-alpha-channel-opacity is-style-wide\"\/>\n\n\n\n<p><\/p>\n\n\n\n<p><strong><mark style=\"background-color:rgba(0, 0, 0, 0);color:#fbbdd8\" class=\"has-inline-color\">Orangerent<\/mark><\/strong><\/p>\n\n\n\n<p><strong>Minna 040 715 7188<\/strong><\/p>\n\n\n\n<p><a href=\"http:\/\/www.ORANGERENT.fi\"><strong>www.ORANGERENT.fi<\/strong><\/a><\/p>\n\n\n\n<p>Appelsiinilehto on paikka miss\u00e4 Orangerent toimii, paikka jossa j\u00e4rjest\u00e4mme monenlaista aktiviteetti\u00e4, k\u00e4dentaitopajoja, meditaatiohetki\u00e4, liukulumikenk\u00e4ily\u00e4, suppailua, saunomista, ruokailua ja lepoa. Minna valmistaa Teille monipuoliset herkut huomioiden erikoisruokavaliot.<\/p>\n\n\n\n<p>Appelsiinilehdon em\u00e4nt\u00e4 Minna on my\u00f6s taitava suunnittelija ja h\u00e4nen k\u00e4sist\u00e4\u00e4n syntyy my\u00f6s mainokset, esitteet ja vaikkapa h\u00e4\u00e4kutsut. My\u00f6s erilaisten tapahtumien organisointi ja j\u00e4rjest\u00e4minen onnistuu. <\/p>\n\n\n\n<p><\/p>\n\n\n\n<hr class=\"wp-block-separator has-alpha-channel-opacity is-style-wide\"\/>\n\n\n\n<p><\/p>\n\n\n\n<p><strong><mark style=\"background-color:rgba(0, 0, 0, 0);color:#007436\" class=\"has-inline-color\">Varpaniemen tila<\/mark><\/strong><\/p>\n\n\n\n<p><strong>Anni 044 273 7717<\/strong><\/p>\n\n\n\n<p><strong>www.varpaniementila.f<\/strong>i<\/p>\n\n\n\n<p>Varpaniemen tilalla viljell\u00e4\u00e4n avomaalla p\u00e4\u00e4satokasvina mansikkaa, hernett\u00e4, vadelmaa ja leikkokukkia, n\u00e4it\u00e4 tarjolla suoramyyntin\u00e4 sesonkina. Tilalla sijaitsee my\u00f6s vanha perinneriihi, jossa j\u00e4rjest\u00e4mme mm. tyhy-p\u00e4ivi\u00e4 ja kukkasidontakursseja. Anni tekee my\u00f6s tilauksesta kukkasidontoja.<\/p>\n\n\n\n<hr class=\"wp-block-separator has-alpha-channel-opacity is-style-wide\"\/>\n\n\n\n<p><strong><mark style=\"background-color:rgba(0, 0, 0, 0);color:#b7007e\" class=\"has-inline-color\">Hieronta t\u00e4htihetki<\/mark><\/strong><\/p>\n\n\n\n<p><strong>Merja 044 557 7800<\/strong><\/p>\n\n\n\n<p>Hieronta t\u00e4htihetki tarjoaa hierontapalveluita tapahtumien yhteydess\u00e4, joko Appelsiinilehdossa tai<\/p>\n\n\n\n<p>Varpaniemen tilan riihell\u00e4. Merjan liiketila sijaitsee Maaningan yrityskartanolla ja tiistaisin vastaanotto Fitis Training Centerill\u00e4 Bellanrannassa.<\/p>\n\n\n\n<p><\/p>\n\n\n\n<hr class=\"wp-block-separator has-alpha-channel-opacity\"\/>\n\n\n\n<p class=\"has-text-align-center\"><strong>Suunnitellaan juuri teid\u00e4n n\u00e4k\u00f6isenne p\u00e4iv\u00e4, joka muistetaan pitk\u00e4\u00e4n!<\/strong><\/p>\n\n\n\n<p class=\"has-text-align-center has-medium-font-size\"><strong>Haluamme tarjota Sinulle ja Yst\u00e4villesi erilaisia palveluita liittyen luontoon, hyvinvointiin, k\u00e4dentaitoihin ja luonnossa liikkumiseen. Meille t\u00e4m\u00e4 on tapa olla ja el\u00e4\u00e4. Haluamme, ett\u00e4 Sin\u00e4kin l\u00f6yd\u00e4t oman tapasi liikkua luonnossa ja pit\u00e4\u00e4 luonto l\u00e4hell\u00e4si. <\/strong><\/p>\n\n\n\n<p class=\"has-text-align-center has-medium-font-size\">Et tarvitse ennakkotaitoja, me ohjaamme Sinua ja pid\u00e4mme huolta Sinusta. Tulet sellaisena, kuin olet.<\/p>\n\n\n\n<figure class=\"wp-block-pullquote\"><blockquote><p><strong>Appelsiinilehdossa viet\u00e4t ikimuistoiset hetket!<\/strong><\/p><cite>Tervetuloa!<\/cite><\/blockquote><\/figure>\n\n\n\n<figure class=\"wp-block-image size-large\"><img loading=\"lazy\" decoding=\"async\" width=\"1024\" height=\"726\" src=\"https:\/\/www.orangerent.fi\/wp-content\/uploads\/2024\/09\/2-1-1024x726.png\" alt=\"Appelsiinilehto\" class=\"wp-image-1008\" srcset=\"https:\/\/www.orangerent.fi\/wp-content\/uploads\/2024\/09\/2-1-1024x726.png 1024w, https:\/\/www.orangerent.fi\/wp-content\/uploads\/2024\/09\/2-1-300x213.png 300w, https:\/\/www.orangerent.fi\/wp-content\/uploads\/2024\/09\/2-1-768x545.png 768w, https:\/\/www.orangerent.fi\/wp-content\/uploads\/2024\/09\/2-1-1140x809.png 1140w, https:\/\/www.orangerent.fi\/wp-content\/uploads\/2024\/09\/2-1.png 1500w\" sizes=\"auto, (max-width: 1024px) 100vw, 1024px\" \/><\/figure>\n\n\n\n<hr class=\"wp-block-separator has-alpha-channel-opacity\"\/>\n\n\n\n<p class=\"has-text-align-center\">Ilmoitathan meille valitsemasi paketin, henkil\u00f6m\u00e4\u00e4r\u00e4n ja mahdolliset allergiat mielell\u00e4\u00e4n noin 2 viikkoa etuk\u00e4teen ennen suunniteltua p\u00e4iv\u00e4\u00e4. Kysy my\u00f6s tarjoustamme !<\/p>\n\n\n\n<p class=\"has-text-align-center\">Hyvinvointieduista meill\u00e4 on k\u00e4yt\u00f6ss\u00e4 Epassi, Smartum ja Edenred. <\/p>\n\n\n\n<h2 class=\"wp-block-heading\"><\/h2>\n\n\n\n<div class=\"wp-block-buttons is-layout-flex wp-block-buttons-is-layout-flex\">\n<div class=\"wp-block-button\"><a class=\"wp-block-button__link wp-element-button\" href=\"https:\/\/www.orangerent.fi\/index.php\/ota-yhteytta\/\" target=\"_blank\" rel=\"noreferrer noopener\"><mark style=\"background-color:rgba(0, 0, 0, 0)\" class=\"has-inline-color has-white-color\">Ota yhteytt\u00e4<\/mark><\/a><\/div>\n<\/div>\n\n\n\n<p><\/p>\n\n\n<ul class=\"wp-block-page-list\"><li class=\"wp-block-pages-list__item\"><a class=\"wp-block-pages-list__item__link\" href=\"https:\/\/www.orangerent.fi\/index.php\/hinnasto\/\">Hinnasto<\/a><\/li><li class=\"wp-block-pages-list__item\"><a class=\"wp-block-pages-list__item__link\" href=\"https:\/\/www.orangerent.fi\/index.php\/hyvinvointiedut\/\">Hyvinvointiedut<\/a><\/li><li class=\"wp-block-pages-list__item menu-item-home\"><a class=\"wp-block-pages-list__item__link\" href=\"https:\/\/www.orangerent.fi\/index.php\/orangerent-2\/\">Orangerent<\/a><\/li><li class=\"wp-block-pages-list__item\"><a class=\"wp-block-pages-list__item__link\" href=\"https:\/\/www.orangerent.fi\/index.php\/ota-yhteytta\/\">Ota Yhteytt\u00e4<\/a><\/li><li class=\"wp-block-pages-list__item\"><a class=\"wp-block-pages-list__item__link\" href=\"https:\/\/www.orangerent.fi\/index.php\/ryhmille\/\">Ryhmille<\/a><\/li><li class=\"wp-block-pages-list__item\"><a class=\"wp-block-pages-list__item__link\" href=\"https:\/\/www.orangerent.fi\/index.php\/sauna\/\">Sauna<\/a><\/li><li class=\"wp-block-pages-list__item\"><a class=\"wp-block-pages-list__item__link\" href=\"https:\/\/www.orangerent.fi\/index.php\/privacy-policy\/\">Tietosuojaseloste<\/a><\/li><li class=\"wp-block-pages-list__item\"><a class=\"wp-block-pages-list__item__link\" href=\"https:\/\/www.orangerent.fi\/index.php\/vuokraa-liukulumikengat\/\">Vuokraa liukulumikeng\u00e4t<\/a><\/li><li class=\"wp-block-pages-list__item\"><a class=\"wp-block-pages-list__item__link\" href=\"https:\/\/www.orangerent.fi\/index.php\/vuokrausehdot\/\">Vuokrausehdot<\/a><\/li><\/ul>","protected":false},"excerpt":{"rendered":"<p>Hyvinvointia luonnollisesti Sinulle! Hei, olemme Sinua varten! &#8221;Meilt\u00e4 t\u00e4ydenpalvelun paketti tyhy\/tiimip\u00e4iv\u00e4\u00e4n, polttareihin, syntt\u00e4reille tai rentoiluun yst\u00e4vien kesken.Tarjoamme sinulle hyvinvointia arjen kiireiden vastapainoksi. Aikaa rauhoittua ja rentoutua sek\u00e4 luvan olla vain. Lupaamme, ett\u00e4 unohdat arjen kiireet ja huolet kanssamme.&#8221; J\u00e4rjest\u00e4mme tapahtuman &hellip; <\/p>\n","protected":false},"author":1,"featured_media":0,"parent":0,"menu_order":0,"comment_status":"closed","ping_status":"closed","template":"","meta":{"footnotes":""},"class_list":["post-635","page","type-page","status-publish","hentry"],"aioseo_notices":[],"_links":{"self":[{"href":"https:\/\/www.orangerent.fi\/index.php\/wp-json\/wp\/v2\/pages\/635","targetHints":{"allow":["GET"]}}],"collection":[{"href":"https:\/\/www.orangerent.fi\/index.php\/wp-json\/wp\/v2\/pages"}],"about":[{"href":"https:\/\/www.orangerent.fi\/index.php\/wp-json\/wp\/v2\/types\/page"}],"author":[{"embeddable":true,"href":"https:\/\/www.orangerent.fi\/index.php\/wp-json\/wp\/v2\/users\/1"}],"replies":[{"embeddable":true,"href":"https:\/\/www.orangerent.fi\/index.php\/wp-json\/wp\/v2\/comments?post=635"}],"version-history":[{"count":40,"href":"https:\/\/www.orangerent.fi\/index.php\/wp-json\/wp\/v2\/pages\/635\/revisions"}],"predecessor-version":[{"id":1200,"href":"https:\/\/www.orangerent.fi\/index.php\/wp-json\/wp\/v2\/pages\/635\/revisions\/1200"}],"wp:attachment":[{"href":"https:\/\/www.orangerent.fi\/index.php\/wp-json\/wp\/v2\/media?parent=635"}],"curies":[{"name":"wp","href":"https:\/\/api.w.org\/{rel}","templated":true}]}}