{"id":59,"date":"2022-10-08T15:07:47","date_gmt":"2022-10-08T15:07:47","guid":{"rendered":"http:\/\/www.orangerent.fi\/?page_id=59"},"modified":"2024-09-30T19:04:51","modified_gmt":"2024-09-30T19:04:51","slug":"hinnasto","status":"publish","type":"page","link":"https:\/\/www.orangerent.fi\/index.php\/hinnasto\/","title":{"rendered":"Hinnasto"},"content":{"rendered":"\n<h2 class=\"wp-block-heading has-text-align-center has-medium-font-size\"><\/h2>\n\n\n\n<hr class=\"wp-block-separator has-text-color has-alpha-channel-opacity has-background is-style-wide\" style=\"background-color:#c0b781;color:#c0b781\"\/>\n\n\n\n<p><\/p>\n\n\n\n<p class=\"has-text-align-center has-medium-font-size\"><strong>Appelsiinilehdon talonvuokraus<\/strong><\/p>\n\n\n\n<p>Alkaen 100,- \/ 3 tuntia arkisin, viikonloppuisin (pe-su) hinnat alkaen 120,- \/ 3 tuntia. (Hinnat sis. alv. 10 %.)<\/p>\n\n\n\n<p>Vuokraan sis\u00e4ltyy tupa, olohuone, keitti\u00f6, wc. Tilassa mahdollista ruokailla 20 henke\u00e4 kerrallaan, kes\u00e4isin ruokailupaikkoja katetulla terassilla lis\u00e4ksi 20 hengelle. Kattamattomalla pihalla lis\u00e4\u00e4 ruokailupaikkoja. Mahdollista lis\u00e4maksusta vuokrata telttaa\/ katosta piha-alueelle.<\/p>\n\n\n\n<figure class=\"wp-block-gallery has-nested-images columns-default is-cropped wp-block-gallery-1 is-layout-flex wp-block-gallery-is-layout-flex\">\n<figure class=\"wp-block-image size-large\"><img loading=\"lazy\" decoding=\"async\" width=\"1024\" height=\"726\" data-id=\"1064\" src=\"https:\/\/www.orangerent.fi\/wp-content\/uploads\/2024\/09\/1-2-1024x726.png\" alt=\"\" class=\"wp-image-1064\" srcset=\"https:\/\/www.orangerent.fi\/wp-content\/uploads\/2024\/09\/1-2-1024x726.png 1024w, https:\/\/www.orangerent.fi\/wp-content\/uploads\/2024\/09\/1-2-300x213.png 300w, https:\/\/www.orangerent.fi\/wp-content\/uploads\/2024\/09\/1-2-768x545.png 768w, https:\/\/www.orangerent.fi\/wp-content\/uploads\/2024\/09\/1-2-1140x809.png 1140w, https:\/\/www.orangerent.fi\/wp-content\/uploads\/2024\/09\/1-2.png 1500w\" sizes=\"auto, (max-width: 1024px) 100vw, 1024px\" \/><\/figure>\n\n\n\n<figure class=\"wp-block-image size-large\"><img loading=\"lazy\" decoding=\"async\" width=\"1024\" height=\"726\" data-id=\"1065\" src=\"https:\/\/www.orangerent.fi\/wp-content\/uploads\/2024\/09\/2-2-1024x726.png\" alt=\"\" class=\"wp-image-1065\" srcset=\"https:\/\/www.orangerent.fi\/wp-content\/uploads\/2024\/09\/2-2-1024x726.png 1024w, https:\/\/www.orangerent.fi\/wp-content\/uploads\/2024\/09\/2-2-300x213.png 300w, https:\/\/www.orangerent.fi\/wp-content\/uploads\/2024\/09\/2-2-768x545.png 768w, https:\/\/www.orangerent.fi\/wp-content\/uploads\/2024\/09\/2-2-1140x809.png 1140w, https:\/\/www.orangerent.fi\/wp-content\/uploads\/2024\/09\/2-2.png 1500w\" sizes=\"auto, (max-width: 1024px) 100vw, 1024px\" \/><\/figure>\n<\/figure>\n\n\n\n<p>Appelsiinilehdosta l\u00f6yd\u00e4t rakkaudella ja suurella intohimolla rakennetun hirsikodin.<\/p>\n\n\n\n<p>Meill\u00e4 voit j\u00e4rjest\u00e4\u00e4 monenlaisia juhlia ja yksityistilaisuuksia. H\u00e4\u00e4t, kokoukset, syntym\u00e4p\u00e4iv\u00e4t, business-tapaamiset, polttarit\u2026 Me autamme sinua suunnittelemaan t\u00e4ydellisen ja mutkattoman tapahtuman!<\/p>\n\n\n\n<p><\/p>\n\n\n\n<hr class=\"wp-block-separator has-text-color has-alpha-channel-opacity has-background is-style-wide\" style=\"background-color:#c8b9a2;color:#c8b9a2\"\/>\n\n\n\n<p><\/p>\n\n\n\n<p class=\"has-text-align-center has-medium-font-size\"><strong>Rantasaunan ja -tuvan vuokraus<\/strong><\/p>\n\n\n\n<p>Alkaen 150,- \/ 3 tuntia.<\/p>\n\n\n\n<p><\/p>\n\n\n\n<p><strong>Rantasaunan ja tuvan vuokraus Appelsiinilehdon talon vuokrauksen yhteydess\u00e4 Alkaen 100,-. <\/strong><\/p>\n\n\n\n<p>(Hinnat sis. alv. 10%.)<\/p>\n\n\n\n<ul class=\"wp-block-list has-small-font-size\">\n<li>Vuokrapyyhkeet 5 \u20ac \/ kappale<\/li>\n<\/ul>\n\n\n\n<ul class=\"wp-block-list has-small-font-size\">\n<li>Saunanlauteille mahtuu 6 henkil\u00f6\u00e4 kerrallaan<\/li>\n<\/ul>\n\n\n\n<ul class=\"wp-block-list has-small-font-size\">\n<li>Pesuvesi on vesijohtovett\u00e4. J\u00e4rvivett\u00e4 ei saa k\u00e4ytt\u00e4\u00e4 saunassa.<\/li>\n<\/ul>\n\n\n\n<ul class=\"wp-block-list has-small-font-size\">\n<li>Ulkohuussi<\/li>\n<\/ul>\n\n\n\n<p class=\"has-small-font-size\"><\/p>\n\n\n\n<figure class=\"wp-block-gallery has-nested-images columns-default is-cropped wp-block-gallery-2 is-layout-flex wp-block-gallery-is-layout-flex\">\n<figure class=\"wp-block-image size-large\"><img loading=\"lazy\" decoding=\"async\" width=\"1649\" height=\"2200\" data-id=\"1034\" src=\"https:\/\/www.orangerent.fi\/wp-content\/uploads\/2024\/09\/20240919_200547-scaled.jpg\" alt=\"\" class=\"wp-image-1034\" srcset=\"https:\/\/www.orangerent.fi\/wp-content\/uploads\/2024\/09\/20240919_200547-scaled.jpg 1649w, https:\/\/www.orangerent.fi\/wp-content\/uploads\/2024\/09\/20240919_200547-225x300.jpg 225w\" sizes=\"auto, (max-width: 1649px) 100vw, 1649px\" \/><\/figure>\n\n\n\n<figure class=\"wp-block-image size-large\"><img loading=\"lazy\" decoding=\"async\" width=\"1024\" height=\"1024\" data-id=\"1035\" src=\"https:\/\/www.orangerent.fi\/wp-content\/uploads\/2024\/09\/IMG_20240706_145236_489-1024x1024.jpg\" alt=\"\" class=\"wp-image-1035\" srcset=\"https:\/\/www.orangerent.fi\/wp-content\/uploads\/2024\/09\/IMG_20240706_145236_489-1024x1024.jpg 1024w, https:\/\/www.orangerent.fi\/wp-content\/uploads\/2024\/09\/IMG_20240706_145236_489-300x300.jpg 300w, https:\/\/www.orangerent.fi\/wp-content\/uploads\/2024\/09\/IMG_20240706_145236_489-150x150.jpg 150w, https:\/\/www.orangerent.fi\/wp-content\/uploads\/2024\/09\/IMG_20240706_145236_489-768x768.jpg 768w, https:\/\/www.orangerent.fi\/wp-content\/uploads\/2024\/09\/IMG_20240706_145236_489-1140x1140.jpg 1140w, https:\/\/www.orangerent.fi\/wp-content\/uploads\/2024\/09\/IMG_20240706_145236_489-75x75.jpg 75w, https:\/\/www.orangerent.fi\/wp-content\/uploads\/2024\/09\/IMG_20240706_145236_489.jpg 1440w\" sizes=\"auto, (max-width: 1024px) 100vw, 1024px\" \/><\/figure>\n\n\n\n<figure class=\"wp-block-image size-large\"><img loading=\"lazy\" decoding=\"async\" width=\"1024\" height=\"1024\" data-id=\"1036\" src=\"https:\/\/www.orangerent.fi\/wp-content\/uploads\/2024\/09\/IMG_20240706_145236_598-1024x1024.jpg\" alt=\"\" class=\"wp-image-1036\" srcset=\"https:\/\/www.orangerent.fi\/wp-content\/uploads\/2024\/09\/IMG_20240706_145236_598-1024x1024.jpg 1024w, https:\/\/www.orangerent.fi\/wp-content\/uploads\/2024\/09\/IMG_20240706_145236_598-300x300.jpg 300w, https:\/\/www.orangerent.fi\/wp-content\/uploads\/2024\/09\/IMG_20240706_145236_598-150x150.jpg 150w, https:\/\/www.orangerent.fi\/wp-content\/uploads\/2024\/09\/IMG_20240706_145236_598-768x769.jpg 768w, https:\/\/www.orangerent.fi\/wp-content\/uploads\/2024\/09\/IMG_20240706_145236_598-1140x1141.jpg 1140w, https:\/\/www.orangerent.fi\/wp-content\/uploads\/2024\/09\/IMG_20240706_145236_598-75x75.jpg 75w, https:\/\/www.orangerent.fi\/wp-content\/uploads\/2024\/09\/IMG_20240706_145236_598.jpg 1439w\" sizes=\"auto, (max-width: 1024px) 100vw, 1024px\" \/><\/figure>\n\n\n\n<figure class=\"wp-block-image size-large\"><img loading=\"lazy\" decoding=\"async\" width=\"1024\" height=\"1024\" data-id=\"1037\" src=\"https:\/\/www.orangerent.fi\/wp-content\/uploads\/2024\/09\/IMG_20240706_145236_636-1024x1024.jpg\" alt=\"\" class=\"wp-image-1037\" srcset=\"https:\/\/www.orangerent.fi\/wp-content\/uploads\/2024\/09\/IMG_20240706_145236_636-1024x1024.jpg 1024w, https:\/\/www.orangerent.fi\/wp-content\/uploads\/2024\/09\/IMG_20240706_145236_636-300x300.jpg 300w, https:\/\/www.orangerent.fi\/wp-content\/uploads\/2024\/09\/IMG_20240706_145236_636-150x150.jpg 150w, https:\/\/www.orangerent.fi\/wp-content\/uploads\/2024\/09\/IMG_20240706_145236_636-768x768.jpg 768w, https:\/\/www.orangerent.fi\/wp-content\/uploads\/2024\/09\/IMG_20240706_145236_636-1140x1140.jpg 1140w, https:\/\/www.orangerent.fi\/wp-content\/uploads\/2024\/09\/IMG_20240706_145236_636-75x75.jpg 75w, https:\/\/www.orangerent.fi\/wp-content\/uploads\/2024\/09\/IMG_20240706_145236_636.jpg 1440w\" sizes=\"auto, (max-width: 1024px) 100vw, 1024px\" \/><\/figure>\n\n\n\n<figure class=\"wp-block-image size-large\"><img loading=\"lazy\" decoding=\"async\" width=\"1024\" height=\"1024\" data-id=\"1038\" src=\"https:\/\/www.orangerent.fi\/wp-content\/uploads\/2024\/09\/IMG_20240706_145236_688-1024x1024.jpg\" alt=\"\" class=\"wp-image-1038\" srcset=\"https:\/\/www.orangerent.fi\/wp-content\/uploads\/2024\/09\/IMG_20240706_145236_688-1024x1024.jpg 1024w, https:\/\/www.orangerent.fi\/wp-content\/uploads\/2024\/09\/IMG_20240706_145236_688-300x300.jpg 300w, https:\/\/www.orangerent.fi\/wp-content\/uploads\/2024\/09\/IMG_20240706_145236_688-150x150.jpg 150w, https:\/\/www.orangerent.fi\/wp-content\/uploads\/2024\/09\/IMG_20240706_145236_688-768x768.jpg 768w, https:\/\/www.orangerent.fi\/wp-content\/uploads\/2024\/09\/IMG_20240706_145236_688-1140x1140.jpg 1140w, https:\/\/www.orangerent.fi\/wp-content\/uploads\/2024\/09\/IMG_20240706_145236_688-75x75.jpg 75w, https:\/\/www.orangerent.fi\/wp-content\/uploads\/2024\/09\/IMG_20240706_145236_688.jpg 1440w\" sizes=\"auto, (max-width: 1024px) 100vw, 1024px\" \/><\/figure>\n<\/figure>\n\n\n\n<p><\/p>\n\n\n\n<hr class=\"wp-block-separator has-text-color has-alpha-channel-opacity has-background is-style-wide\" style=\"background-color:#d8c9a2;color:#d8c9a2\"\/>\n\n\n\n<figure class=\"wp-block-pullquote has-medium-font-size\"><blockquote><p><strong>Hinnasto SUP -lautojen ja liukulumikenkien vuokraus<\/strong><\/p><cite>Vuokraamme hyv\u00e4ksi toteamiamme SUP- lautoja ja kotimaisen valmistajan liukulumikenki\u00e4. Vuokraushinnat m\u00e4\u00e4r\u00e4ytyv\u00e4t k\u00e4ytt\u00f6ajan mukaan. Vuokraan sis\u00e4ltyy opastus varusteiden k\u00e4ytt\u00f6\u00f6n.<\/cite><\/blockquote><\/figure>\n\n\n\n<p class=\"has-text-align-center\"><\/p>\n\n\n\n<p class=\"has-text-align-center\"><strong><mark style=\"background-color:rgba(0, 0, 0, 0)\" class=\"has-inline-color has-black-color\">20 \u20ac \/ <\/mark><\/strong>2h<\/p>\n\n\n\n<p class=\"has-text-align-center\"><mark style=\"background-color:rgba(0, 0, 0, 0)\" class=\"has-inline-color has-black-color\">30 \u20ac \/ vrk<\/mark><\/p>\n\n\n\n<p class=\"has-text-align-center\">40 \u20ac \/ 2vrk<\/p>\n\n\n\n<p class=\"has-text-align-center\">(Hinnat sis. alv 25,5%)<\/p>\n\n\n\n<p class=\"has-text-align-center\"><\/p>\n\n\n\n<p><\/p>\n\n\n\n<p class=\"has-text-align-center\">Meill\u00e4 voit maksaa kortilla, k\u00e4teisell\u00e4, tilisiirrolla, laskulla tai mobilepay sek\u00e4 hyvinvointieduista meill\u00e4 on k\u00e4yt\u00f6ss\u00e4 Epassi, Smartum ja Edenred.<\/p>\n\n\n\n<p class=\"has-text-align-center\">Mobilepay: 0407157188<\/p>\n\n\n\n<p class=\"has-text-align-center\">Tilisiirto: FI65 5254072006164<\/p>\n\n\n\n<figure class=\"wp-block-image size-full is-resized\"><img loading=\"lazy\" decoding=\"async\" width=\"200\" height=\"99\" src=\"https:\/\/www.orangerent.fi\/wp-content\/uploads\/2023\/08\/SmartumPay_meillakay_punainen.png\" alt=\"Meill\u00e4 k\u00e4y smartum\" class=\"wp-image-760\" style=\"aspect-ratio:2.0256410256410255;width:133px;height:auto\" srcset=\"https:\/\/www.orangerent.fi\/wp-content\/uploads\/2023\/08\/SmartumPay_meillakay_punainen.png 200w, https:\/\/www.orangerent.fi\/wp-content\/uploads\/2023\/08\/SmartumPay_meillakay_punainen-121x60.png 121w\" sizes=\"auto, (max-width: 200px) 100vw, 200px\" \/><\/figure>\n\n\n\n<figure class=\"wp-block-image size-medium is-resized\"><img loading=\"lazy\" decoding=\"async\" width=\"300\" height=\"94\" src=\"https:\/\/www.orangerent.fi\/wp-content\/uploads\/2023\/01\/Epassi-Logo-Primary-Black-RGB-300x94.png\" alt=\"epassi orangerent maksutapa\" class=\"wp-image-465\" style=\"aspect-ratio:3.204081632653061;width:136px;height:auto\" srcset=\"https:\/\/www.orangerent.fi\/wp-content\/uploads\/2023\/01\/Epassi-Logo-Primary-Black-RGB-300x94.png 300w, https:\/\/www.orangerent.fi\/wp-content\/uploads\/2023\/01\/Epassi-Logo-Primary-Black-RGB-192x60.png 192w, https:\/\/www.orangerent.fi\/wp-content\/uploads\/2023\/01\/Epassi-Logo-Primary-Black-RGB.png 608w\" sizes=\"auto, (max-width: 300px) 100vw, 300px\" \/><\/figure>\n\n\n\n<figure class=\"wp-block-image size-medium is-resized\"><img loading=\"lazy\" decoding=\"async\" width=\"300\" height=\"193\" src=\"https:\/\/www.orangerent.fi\/wp-content\/uploads\/2024\/01\/Edenred_logo_CMYK_red-1-300x193.webp\" alt=\"\" class=\"wp-image-897\" style=\"width:140px;height:auto\" srcset=\"https:\/\/www.orangerent.fi\/wp-content\/uploads\/2024\/01\/Edenred_logo_CMYK_red-1-300x193.webp 300w, https:\/\/www.orangerent.fi\/wp-content\/uploads\/2024\/01\/Edenred_logo_CMYK_red-1-1024x658.webp 1024w, https:\/\/www.orangerent.fi\/wp-content\/uploads\/2024\/01\/Edenred_logo_CMYK_red-1-768x494.webp 768w, https:\/\/www.orangerent.fi\/wp-content\/uploads\/2024\/01\/Edenred_logo_CMYK_red-1-1536x987.webp 1536w, https:\/\/www.orangerent.fi\/wp-content\/uploads\/2024\/01\/Edenred_logo_CMYK_red-1-93x60.webp 93w, https:\/\/www.orangerent.fi\/wp-content\/uploads\/2024\/01\/Edenred_logo_CMYK_red-1.webp 1722w\" sizes=\"auto, (max-width: 300px) 100vw, 300px\" \/><\/figure>\n\n\n\n<p><strong><mark style=\"background-color:rgba(0, 0, 0, 0)\" class=\"has-inline-color has-luminous-vivid-orange-color\">Tiedustelut ja varaukset<\/mark><\/strong><\/p>\n\n\n\n<p><strong><mark style=\"background-color:rgba(0, 0, 0, 0)\" class=\"has-inline-color has-luminous-vivid-orange-color\">040 715 7188 tai s\u00e4hk\u00f6postitse minna.lehtonen@orangerent.fi<\/mark><\/strong><\/p>\n\n\n\n<p>L\u00e4het\u00e4mme sinulle varausvahvistuksen s\u00e4hk\u00f6postilla.<\/p>\n\n\n<div class=\"is-default-size wp-block-site-logo\"><a href=\"https:\/\/www.orangerent.fi\/\" class=\"custom-logo-link\" rel=\"home\"><img loading=\"lazy\" decoding=\"async\" width=\"1567\" height=\"584\" src=\"https:\/\/www.orangerent.fi\/wp-content\/uploads\/2025\/06\/cropped-cropped-Nimeton-1300-x-500-px-165-x-100-cm-scaled-2.jpg\" class=\"custom-logo\" alt=\" Luovuutta luonnosta, iloa yhdess&auml;olosta &#8211;\" srcset=\"https:\/\/www.orangerent.fi\/wp-content\/uploads\/2025\/06\/cropped-cropped-Nimeton-1300-x-500-px-165-x-100-cm-scaled-2.jpg 1567w, https:\/\/www.orangerent.fi\/wp-content\/uploads\/2025\/06\/cropped-cropped-Nimeton-1300-x-500-px-165-x-100-cm-scaled-2-300x112.jpg 300w, https:\/\/www.orangerent.fi\/wp-content\/uploads\/2025\/06\/cropped-cropped-Nimeton-1300-x-500-px-165-x-100-cm-scaled-2-1024x382.jpg 1024w, https:\/\/www.orangerent.fi\/wp-content\/uploads\/2025\/06\/cropped-cropped-Nimeton-1300-x-500-px-165-x-100-cm-scaled-2-768x286.jpg 768w, https:\/\/www.orangerent.fi\/wp-content\/uploads\/2025\/06\/cropped-cropped-Nimeton-1300-x-500-px-165-x-100-cm-scaled-2-1536x572.jpg 1536w, https:\/\/www.orangerent.fi\/wp-content\/uploads\/2025\/06\/cropped-cropped-Nimeton-1300-x-500-px-165-x-100-cm-scaled-2-1140x425.jpg 1140w\" sizes=\"auto, (max-width: 1567px) 100vw, 1567px\" \/><\/a><\/div>\n\n","protected":false},"excerpt":{"rendered":"<p>Appelsiinilehdon talonvuokraus Alkaen 100,- \/ 3 tuntia arkisin, viikonloppuisin (pe-su) hinnat alkaen 120,- \/ 3 tuntia. (Hinnat sis. alv. 10 %.) Vuokraan sis\u00e4ltyy tupa, olohuone, keitti\u00f6, wc. Tilassa mahdollista ruokailla 20 henke\u00e4 kerrallaan, kes\u00e4isin ruokailupaikkoja katetulla terassilla lis\u00e4ksi 20 hengelle. &hellip; <\/p>\n","protected":false},"author":1,"featured_media":0,"parent":0,"menu_order":0,"comment_status":"closed","ping_status":"closed","template":"","meta":{"footnotes":""},"class_list":["post-59","page","type-page","status-publish","hentry"],"aioseo_notices":[],"_links":{"self":[{"href":"https:\/\/www.orangerent.fi\/index.php\/wp-json\/wp\/v2\/pages\/59","targetHints":{"allow":["GET"]}}],"collection":[{"href":"https:\/\/www.orangerent.fi\/index.php\/wp-json\/wp\/v2\/pages"}],"about":[{"href":"https:\/\/www.orangerent.fi\/index.php\/wp-json\/wp\/v2\/types\/page"}],"author":[{"embeddable":true,"href":"https:\/\/www.orangerent.fi\/index.php\/wp-json\/wp\/v2\/users\/1"}],"replies":[{"embeddable":true,"href":"https:\/\/www.orangerent.fi\/index.php\/wp-json\/wp\/v2\/comments?post=59"}],"version-history":[{"count":74,"href":"https:\/\/www.orangerent.fi\/index.php\/wp-json\/wp\/v2\/pages\/59\/revisions"}],"predecessor-version":[{"id":1186,"href":"https:\/\/www.orangerent.fi\/index.php\/wp-json\/wp\/v2\/pages\/59\/revisions\/1186"}],"wp:attachment":[{"href":"https:\/\/www.orangerent.fi\/index.php\/wp-json\/wp\/v2\/media?parent=59"}],"curies":[{"name":"wp","href":"https:\/\/api.w.org\/{rel}","templated":true}]}}