{"id":389,"date":"2022-12-08T13:56:20","date_gmt":"2022-12-08T13:56:20","guid":{"rendered":"https:\/\/www.orangerent.fi\/?page_id=389"},"modified":"2024-09-26T07:01:14","modified_gmt":"2024-09-26T07:01:14","slug":"vuokraa-liukulumikengat","status":"publish","type":"page","link":"https:\/\/www.orangerent.fi\/index.php\/vuokraa-liukulumikengat\/","title":{"rendered":"Vuokraa liukulumikeng\u00e4t"},"content":{"rendered":"\n<h2 class=\"wp-block-heading\">Vuokraa liukulumikeng\u00e4t<\/h2>\n\n\n\n<p>Liukulumikengill\u00e4 pystyt l\u00e4htem\u00e4\u00e4n polkujen ja merkattujen reittien ulkopuolelle umpihankeen niin metsi\u00e4, soita kuin harjuja valloittamaan. Liukulumikenki\u00e4 kutsutaan my\u00f6s karvapohjasuksiksi. Niiden pohjassa on kiinte\u00e4 Mohair MIX-nousukarva keskialueella, mik\u00e4 antaa hyv\u00e4n pidon yl\u00e4m\u00e4iss\u00e4 ja vastaavasti se jarruttaa menoa alam\u00e4iss\u00e4. Liukulumikengiss\u00e4 on kest\u00e4v\u00e4 ja liukas pohja eik\u00e4 se tarvitse voitelua. OAC-suksen k\u00e4rki kelluu kevyesti lumessa, ter\u00e4skantti puree ja hiiht\u00e4minen on helppoa ja nautinnollista.&nbsp;OAC:n uusittu EA 2.0. Binding -side mahdollistaa keng\u00e4n kuin keng\u00e4n kiinnitt\u00e4misen liukulumikenkiin. Et siis tarvitse monoja \u2013 omat joustavapohjaiset, p\u00e4ki\u00e4st\u00e4 taipuvat varrelliset talvikeng\u00e4t tai esim. vaelluskeng\u00e4t riitt\u00e4v\u00e4t.<\/p>\n\n\n\n<div class=\"wp-block-media-text is-stacked-on-mobile\"><figure class=\"wp-block-media-text__media\"><video controls src=\"https:\/\/www.orangerent.fi\/wp-content\/uploads\/2024\/09\/Orangerent-tarina-2.mp4\"><\/video><\/figure><div class=\"wp-block-media-text__content\">\n<p><em><strong>Vuokraa liukulumikeng\u00e4t ja avaat uusia ulottuvuuksia lumella liikkumiseen ja talviretkeilyyn.<\/strong><\/em><\/p>\n<\/div><\/div>\n\n\n\n<p>Liukulumikenkien vuokrauksen alaik\u00e4raja on 15-vuotta. Alle 15-vuotiaat voivat l\u00e4hte\u00e4 liukulumikenk\u00e4ilem\u00e4\u00e4n t\u00e4ysi-ik\u00e4isen kanssa. Alle 18-vuotiaan ilmoitettava huoltajan yhteystiedot varauksen yhteydess\u00e4. Tutustu my\u00f6s <a href=\"https:\/\/www.orangerent.fi\/index.php\/vuokrausehdot\/\" target=\"_blank\" rel=\"noopener\" title=\"vuokrausehtoihin. \">vuokrausehtoihin.<\/a><\/p>\n\n\n\n<h3 class=\"wp-block-heading\">Liukulumikeng\u00e4t<\/h3>\n\n\n\n<p>K\u00e4yt\u00f6ss\u00e4mme on OAC:n valmistamia liukulumikenki\u00e4 aikuisille ja lapsille. OAC on suomalainen yritys, jonka liukulumikeng\u00e4t suunnitellaan ja valmistetaan Kangasalla. Tule tutustumaan liukulumikenkiin ja suunnittelemaan itsellesi mieleinen retki. Retki sopii erinomaisesti esim. ty\u00f6hyvinvointi- ja virkistysp\u00e4iv\u00e4n teemaksi. Retki suunnitellaan aina ryhm\u00e4lle sopivaksi kuntotason ja toiveiden mukaan.<\/p>\n\n\n\n<div class=\"wp-block-columns alignfull is-layout-flex wp-container-core-columns-is-layout-9d6595d7 wp-block-columns-is-layout-flex\">\n<div class=\"wp-block-column is-layout-flow wp-block-column-is-layout-flow\" style=\"flex-basis:50%\">\n<div class=\"wp-block-cover is-light\" style=\"min-height:600px;aspect-ratio:unset;\"><span aria-hidden=\"true\" class=\"wp-block-cover__background has-background-dim-100 has-background-dim\" style=\"background-color:#f6f6f6\"><\/span><div class=\"wp-block-cover__inner-container is-layout-flow wp-block-cover-is-layout-flow\"><div class=\"wp-block-image\">\n<figure class=\"aligncenter size-large\"><img loading=\"lazy\" decoding=\"async\" width=\"768\" height=\"1024\" src=\"https:\/\/www.orangerent.fi\/wp-content\/uploads\/2022\/11\/liukulumikengat-orangerent-4-kar149-768x1024.jpg\" alt=\"Liukulumikenk\u00e4malli OAC KAR 149 sein\u00e4\u00e4 vasten.\" class=\"wp-image-270\" srcset=\"https:\/\/www.orangerent.fi\/wp-content\/uploads\/2022\/11\/liukulumikengat-orangerent-4-kar149-768x1024.jpg 768w, https:\/\/www.orangerent.fi\/wp-content\/uploads\/2022\/11\/liukulumikengat-orangerent-4-kar149-225x300.jpg 225w, https:\/\/www.orangerent.fi\/wp-content\/uploads\/2022\/11\/liukulumikengat-orangerent-4-kar149-1152x1536.jpg 1152w, https:\/\/www.orangerent.fi\/wp-content\/uploads\/2022\/11\/liukulumikengat-orangerent-4-kar149-1536x2048.jpg 1536w, https:\/\/www.orangerent.fi\/wp-content\/uploads\/2022\/11\/liukulumikengat-orangerent-4-kar149-45x60.jpg 45w, https:\/\/www.orangerent.fi\/wp-content\/uploads\/2022\/11\/liukulumikengat-orangerent-4-kar149-scaled.jpg 1920w\" sizes=\"auto, (max-width: 768px) 100vw, 768px\" \/><figcaption class=\"wp-element-caption\"><strong>Liukulumikeng\u00e4t. Malli OAC KAR 149<\/strong><\/figcaption><\/figure>\n<\/div><\/div><\/div>\n<\/div>\n\n\n\n<div class=\"wp-block-column is-vertically-aligned-center is-layout-flow wp-block-column-is-layout-flow\" style=\"padding-top:1em;padding-right:1em;padding-bottom:1em;padding-left:1em\">\n<div class=\"wp-block-columns is-layout-flex wp-container-core-columns-is-layout-9d6595d7 wp-block-columns-is-layout-flex\">\n<div class=\"wp-block-column is-layout-flow wp-block-column-is-layout-flow\" style=\"flex-basis:320px\">\n<p class=\"has-small-font-size\" style=\"line-height:1.6\"><strong>Liukulumikeng\u00e4t. Malli OAC KAR 149<\/strong> <\/p>\n\n\n\n<p class=\"has-small-font-size\"><\/p>\n\n\n\n<p class=\"has-small-font-size\" style=\"line-height:1.6\"><em>&#8221; <\/em><strong><code>KAR 149<\/code><\/strong><em> on monipuolinen ja ketter\u00e4 karvapohjasuksi. K\u00e4rjen ja kannan uusi muotoilu tarjoaa paremman kantavuuden siin\u00e4, miss\u00e4 uudet ABS-vahvikkeet lis\u00e4\u00e4v\u00e4t kestoa niill\u00e4 alueilla, joihin kohdistuu kovempaa kulutusta. Todellinen joka paikan suksi, joka kuljettaa sinut vaivattomasti niin leppoisille iltap\u00e4iv\u00e4retkille kuin useamman p\u00e4iv\u00e4n hiihto- ja vaellusretkille.&#8221;<\/em> <\/p>\n\n\n\n<p class=\"has-small-font-size\" style=\"line-height:1.6\">(Tekstit ovat OAC Finland Oy:n sivuilta)<\/p>\n<\/div>\n<\/div>\n<\/div>\n<\/div>\n\n\n\n<div class=\"wp-block-columns alignfull is-layout-flex wp-container-core-columns-is-layout-9d6595d7 wp-block-columns-is-layout-flex\">\n<div class=\"wp-block-column is-layout-flow wp-block-column-is-layout-flow\" style=\"flex-basis:50%\">\n<div class=\"wp-block-cover is-light\" style=\"min-height:600px;aspect-ratio:unset;\"><span aria-hidden=\"true\" class=\"wp-block-cover__background has-background-dim-100 has-background-dim\" style=\"background-color:#f6f6f6\"><\/span><div class=\"wp-block-cover__inner-container is-layout-flow wp-block-cover-is-layout-flow\"><div class=\"wp-block-image\">\n<figure class=\"aligncenter size-large\"><img loading=\"lazy\" decoding=\"async\" width=\"768\" height=\"1024\" src=\"https:\/\/www.orangerent.fi\/wp-content\/uploads\/2022\/11\/liukulumikengat-orangerent-3-768x1024.jpg\" alt=\"Liukulumikenk\u00e4malli OAC WAP 129 sein\u00e4\u00e4 vasten.\" class=\"wp-image-269\" srcset=\"https:\/\/www.orangerent.fi\/wp-content\/uploads\/2022\/11\/liukulumikengat-orangerent-3-768x1024.jpg 768w, https:\/\/www.orangerent.fi\/wp-content\/uploads\/2022\/11\/liukulumikengat-orangerent-3-225x300.jpg 225w, https:\/\/www.orangerent.fi\/wp-content\/uploads\/2022\/11\/liukulumikengat-orangerent-3-1152x1536.jpg 1152w, https:\/\/www.orangerent.fi\/wp-content\/uploads\/2022\/11\/liukulumikengat-orangerent-3-1536x2048.jpg 1536w, https:\/\/www.orangerent.fi\/wp-content\/uploads\/2022\/11\/liukulumikengat-orangerent-3-45x60.jpg 45w, https:\/\/www.orangerent.fi\/wp-content\/uploads\/2022\/11\/liukulumikengat-orangerent-3-scaled.jpg 1920w\" sizes=\"auto, (max-width: 768px) 100vw, 768px\" \/><figcaption class=\"wp-element-caption\"><strong>Liukulumikeng\u00e4t. Malli OAC WAP 129<\/strong><\/figcaption><\/figure>\n<\/div><\/div><\/div>\n<\/div>\n\n\n\n<div class=\"wp-block-column is-vertically-aligned-center is-layout-flow wp-block-column-is-layout-flow\" style=\"padding-top:1em;padding-right:1em;padding-bottom:1em;padding-left:1em\">\n<div class=\"wp-block-columns is-layout-flex wp-container-core-columns-is-layout-9d6595d7 wp-block-columns-is-layout-flex\">\n<div class=\"wp-block-column is-layout-flow wp-block-column-is-layout-flow\" style=\"flex-basis:320px\">\n<p class=\"has-small-font-size\" style=\"line-height:1.6\"><strong>Liukulumikeng\u00e4t. Malli OAC WAP 129<\/strong><\/p>\n\n\n\n<p class=\"has-small-font-size\"><\/p>\n\n\n\n<p class=\"has-small-font-size\" style=\"line-height:1.6\">&#8221; Lyhyt ja leve\u00e4 <strong><code>WAP 129<\/code> <\/strong>on ihanteellinen liukulumikenk\u00e4 syviin kinoksiin etenkin pehmemm\u00e4ll\u00e4 hangella sek\u00e4 tiheisiin metsiin, miss\u00e4 sukselta vaaditaan keveytt\u00e4 ja ketteryytt\u00e4. <strong>K\u00e4ytt\u00f6tarkoitus:&nbsp;<\/strong>Optimaalinen syv\u00e4ss\u00e4 ja pehme\u00e4ss\u00e4 hangessa liikkumiseen ja\/tai alueilla, miss\u00e4 on tihe\u00e4\u00e4 kasvillisuutta kuten mets\u00e4t tai risukot. Sopii etenkin ulkoiluun perheen ja\/tai lemmikkien kanssa, mets\u00e4retkille, mets\u00e4stykseen ja mets\u00e4nhoitoon.&#8221; <\/p>\n\n\n\n<p class=\"has-small-font-size\" style=\"line-height:1.6\">(Tekstit ovat OAC Finland Oy:n sivuilta)<\/p>\n<\/div>\n<\/div>\n<\/div>\n<\/div>\n\n\n\n<div class=\"wp-block-columns alignfull is-layout-flex wp-container-core-columns-is-layout-9d6595d7 wp-block-columns-is-layout-flex\">\n<div class=\"wp-block-column is-layout-flow wp-block-column-is-layout-flow\" style=\"flex-basis:50%\">\n<div class=\"wp-block-cover is-light\" style=\"min-height:600px;aspect-ratio:unset;\"><span aria-hidden=\"true\" class=\"wp-block-cover__background has-background-dim-100 has-background-dim\" style=\"background-color:#f6f6f6\"><\/span><div class=\"wp-block-cover__inner-container is-layout-flow wp-block-cover-is-layout-flow\"><div class=\"wp-block-image\">\n<figure class=\"aligncenter size-large\"><img loading=\"lazy\" decoding=\"async\" width=\"764\" height=\"1024\" src=\"https:\/\/www.orangerent.fi\/wp-content\/uploads\/2023\/01\/POH-100-orangerent-liukulumikenka-764x1024.jpg\" alt=\"\" class=\"wp-image-439\" srcset=\"https:\/\/www.orangerent.fi\/wp-content\/uploads\/2023\/01\/POH-100-orangerent-liukulumikenka-764x1024.jpg 764w, https:\/\/www.orangerent.fi\/wp-content\/uploads\/2023\/01\/POH-100-orangerent-liukulumikenka-224x300.jpg 224w, https:\/\/www.orangerent.fi\/wp-content\/uploads\/2023\/01\/POH-100-orangerent-liukulumikenka-768x1029.jpg 768w, https:\/\/www.orangerent.fi\/wp-content\/uploads\/2023\/01\/POH-100-orangerent-liukulumikenka-1146x1536.jpg 1146w, https:\/\/www.orangerent.fi\/wp-content\/uploads\/2023\/01\/POH-100-orangerent-liukulumikenka-45x60.jpg 45w, https:\/\/www.orangerent.fi\/wp-content\/uploads\/2023\/01\/POH-100-orangerent-liukulumikenka.jpg 1504w\" sizes=\"auto, (max-width: 764px) 100vw, 764px\" \/><figcaption class=\"wp-element-caption\"><strong>Liukulumikeng\u00e4t Malli OAC POH 100.<\/strong><\/figcaption><\/figure>\n<\/div><\/div><\/div>\n<\/div>\n\n\n\n<div class=\"wp-block-column is-vertically-aligned-center is-layout-flow wp-block-column-is-layout-flow\" style=\"padding-top:1em;padding-right:1em;padding-bottom:1em;padding-left:1em\">\n<div class=\"wp-block-columns is-layout-flex wp-container-core-columns-is-layout-9d6595d7 wp-block-columns-is-layout-flex\">\n<div class=\"wp-block-column is-layout-flow wp-block-column-is-layout-flow\" style=\"flex-basis:320px\">\n<p class=\"has-small-font-size\" style=\"line-height:1.6\"><strong>Liukulumikeng\u00e4t. Malli OAC POH 100<\/strong><\/p>\n\n\n\n<p class=\"has-small-font-size\"><\/p>\n\n\n\n<p class=\"has-small-font-size\" style=\"line-height:1.6\"><em>&#8221; <\/em><code><strong><a href=\"https:\/\/skinbased.fi\/products\/poh-100\" target=\"_blank\" rel=\"noopener\" title=\"\">POH 100<\/a><\/strong><\/code><em> on lasten oma liukulumikenk\u00e4, josta l\u00f6ytyv\u00e4t samat keskeiset ominaisuudet kuin muista Skinbased-karvapohjasuksistamme. Suksi on suunniteltu lasten tarpeiden ja vaatimusten mukaan, jotta my\u00f6s perheen pienimm\u00e4t p\u00e4\u00e4sev\u00e4t nauttimaan Skinbased-hiihdon iloista. <\/em><strong>K\u00e4ytt\u00f6tarkoitus:<\/strong><em>&nbsp;Liukulumikenk\u00e4 noin 5\u201310-vuotiaille lapsille.<\/em>  <\/p>\n\n\n\n<p class=\"has-small-font-size\" style=\"line-height:1.6\">(Tekstit ovat OAC Finland Oy:n sivuilta)<\/p>\n<\/div>\n<\/div>\n<\/div>\n<\/div>\n\n\n\n<h3 class=\"wp-block-heading\">Hinnasto<\/h3>\n\n\n\n<p><strong>Liukulumikenkien&nbsp;vuokraus\/pari<\/strong><\/p>\n\n\n\n<p>Vuokraamme hyv\u00e4ksi toteamiamme liukulumikenki\u00e4 ja vuokraushinnat m\u00e4\u00e4r\u00e4ytyv\u00e4t k\u00e4ytt\u00f6ajan mukaan.  Vuokrahintaan sis\u00e4ltyy s\u00e4\u00e4dett\u00e4v\u00e4t teleskooppisauvat sek\u00e4 opastus varusteiden k\u00e4ytt\u00f6\u00f6n.<\/p>\n\n\n\n<p>20 \u20ac \/ 3 tuntia<\/p>\n\n\n\n<p>30 \u20ac \/ vrk<\/p>\n\n\n\n<p>40 \u20ac \/ 2vrk<\/p>\n\n\n\n<p><strong>Tiedustelut ja varaukset<\/strong><\/p>\n\n\n\n<p>Vuokraa liukulumikeng\u00e4t tai l\u00e4hde kanssani liukulumikenk\u00e4retkelle. Voit tehd\u00e4 varauksen puhelimitse <\/p>\n\n\n\n<p><strong>040 715 7188 tai s\u00e4hk\u00f6postitse minna.lehtonen@orangerent.fi<\/strong> <\/p>\n\n\n\n<p>L\u00e4het\u00e4mme sinulle varausvahvistuksen s\u00e4hk\u00f6postilla.<\/p>\n\n\n\n<p><\/p>\n\n\n\n<p>Muistathan, ett\u00e4 hyvinvointiedut Edenred, Epassi ja Smartum k\u00e4y my\u00f6s meill\u00e4!<\/p>\n\n\n\n<p><a href=\"https:\/\/www.orangerent.fi\/index.php\/hinnasto\/\">Hinnasto &#8211; Liukulumikenk\u00e4retket ja vuokraus (orangerent.fi)<\/a><\/p>\n\n\n\n<p><\/p>\n","protected":false},"excerpt":{"rendered":"<p>Vuokraa liukulumikeng\u00e4t Liukulumikengill\u00e4 pystyt l\u00e4htem\u00e4\u00e4n polkujen ja merkattujen reittien ulkopuolelle umpihankeen niin metsi\u00e4, soita kuin harjuja valloittamaan. Liukulumikenki\u00e4 kutsutaan my\u00f6s karvapohjasuksiksi. Niiden pohjassa on kiinte\u00e4 Mohair MIX-nousukarva keskialueella, mik\u00e4 antaa hyv\u00e4n pidon yl\u00e4m\u00e4iss\u00e4 ja vastaavasti se jarruttaa menoa alam\u00e4iss\u00e4. Liukulumikengiss\u00e4 &hellip; <\/p>\n","protected":false},"author":1,"featured_media":1020,"parent":0,"menu_order":0,"comment_status":"closed","ping_status":"closed","template":"","meta":{"footnotes":""},"class_list":["post-389","page","type-page","status-publish","has-post-thumbnail","hentry"],"aioseo_notices":[],"_links":{"self":[{"href":"https:\/\/www.orangerent.fi\/index.php\/wp-json\/wp\/v2\/pages\/389","targetHints":{"allow":["GET"]}}],"collection":[{"href":"https:\/\/www.orangerent.fi\/index.php\/wp-json\/wp\/v2\/pages"}],"about":[{"href":"https:\/\/www.orangerent.fi\/index.php\/wp-json\/wp\/v2\/types\/page"}],"author":[{"embeddable":true,"href":"https:\/\/www.orangerent.fi\/index.php\/wp-json\/wp\/v2\/users\/1"}],"replies":[{"embeddable":true,"href":"https:\/\/www.orangerent.fi\/index.php\/wp-json\/wp\/v2\/comments?post=389"}],"version-history":[{"count":37,"href":"https:\/\/www.orangerent.fi\/index.php\/wp-json\/wp\/v2\/pages\/389\/revisions"}],"predecessor-version":[{"id":1022,"href":"https:\/\/www.orangerent.fi\/index.php\/wp-json\/wp\/v2\/pages\/389\/revisions\/1022"}],"wp:featuredmedia":[{"embeddable":true,"href":"https:\/\/www.orangerent.fi\/index.php\/wp-json\/wp\/v2\/media\/1020"}],"wp:attachment":[{"href":"https:\/\/www.orangerent.fi\/index.php\/wp-json\/wp\/v2\/media?parent=389"}],"curies":[{"name":"wp","href":"https:\/\/api.w.org\/{rel}","templated":true}]}}