{"id":3,"date":"2022-10-08T15:46:47","date_gmt":"2022-10-08T15:46:47","guid":{"rendered":"http:\/\/www.orangerent.fi\/?page_id=3"},"modified":"2023-01-14T14:42:06","modified_gmt":"2023-01-14T14:42:06","slug":"privacy-policy","status":"publish","type":"page","link":"https:\/\/www.orangerent.fi\/index.php\/privacy-policy\/","title":{"rendered":"Tietosuojaseloste"},"content":{"rendered":"\n<p><strong>Tietosuojaseloste<\/strong><\/p>\n\n\n\n<p>EU:n yleisen tietosuoja-asetuksen (679\/2016) mukainen versio<\/p>\n\n\n\n<p>\u200b<\/p>\n\n\n\n<p><strong>Rekisterinpit\u00e4j\u00e4<\/strong><\/p>\n\n\n\n<p>Orangerent<\/p>\n\n\n\n<p>Y-tunnus: 2169919-9<\/p>\n\n\n\n<p>osoite:&nbsp;<a href=\"https:\/\/www.fonecta.fi\/kartat\/61.470392,24.057912?address=Ruutanantie%2053%20C%204%2C%2036200%20Kangasala&amp;edsacid=ofs-finder-profile-location\" target=\"_blank\" rel=\"noreferrer noopener\">Varpasaarentie<\/a> 122, 71720 K\u00e4\u00e4rmelahti<\/p>\n\n\n\n<p>p. 040 715 7188<\/p>\n\n\n\n<p>s\u00e4hk\u00f6posti:&nbsp;minna.lehtonen@orangerent.fi<\/p>\n\n\n\n<p>\u200b<\/p>\n\n\n\n<p><strong>Tietosuoja-asioista vastaava yhteyshenkil\u00f6<\/strong><\/p>\n\n\n\n<p>Minna Lehtonen<\/p>\n\n\n\n<p>p. 040&nbsp;715 7188<\/p>\n\n\n\n<p>s\u00e4hk\u00f6posti: minna.lehtonen@orangerent.fi<\/p>\n\n\n\n<p><strong>Henkil\u00f6rekisterin nimi<\/strong><\/p>\n\n\n\n<p>Orangerent:n yhteydenottajat<\/p>\n\n\n\n<p><strong>\u200b<\/strong><\/p>\n\n\n\n<p><strong>Henkil\u00f6tietojen k\u00e4sittelyn peruste ja tarkoitus<\/strong><\/p>\n\n\n\n<p>Rekisterin tiedot ker\u00e4t\u00e4\u00e4n teht\u00e4v\u00e4n sopimuksen mukaisesti tilaajan ja palveluntuottajan v\u00e4lill\u00e4.<\/p>\n\n\n\n<p>Palveluntuottaja huolehtii tietosuoja-asetuksen 32 artiklan 1 kohdan mukaisista teknisist\u00e4 ja organisatorisista turvatoimista, joilla varmistetaan, ett\u00e4 Tilaajan henkil\u00f6tietojen k\u00e4sittely tapahtuu sopimuksen vaatimusten ja sovittujen k\u00e4yt\u00e4nt\u00f6jen mukaisesti. Toimenpiteiden tarkoituksena on varmistaa henkil\u00f6tietojen lainmukainen k\u00e4sittely sek\u00e4 k\u00e4sittelyj\u00e4rjestelmien ja palveluiden<\/p>\n\n\n\n<p>luottamuksellisuus, eheys, saatavuus ja vikasietoisuus.<\/p>\n\n\n\n<p>\u200b<\/p>\n\n\n\n<p><strong>Henkil\u00f6tietojen luovuttaminen<\/strong><\/p>\n\n\n\n<p>Henkil\u00f6tietoja ei s\u00e4\u00e4nn\u00f6nmukaisesti luovuteta. Henkil\u00f6tietoja ei n\u00e4in ollen my\u00f6sk\u00e4\u00e4n siirret\u00e4 EU:n ja Euroopan talousalueen ulkopuolelle.<\/p>\n\n\n\n<p>Tietoja voidaan kuitenkin luovuttaa esimerkiksi viranomaisille lakiin perustuvan vaatimuksen perusteella.<\/p>\n\n\n\n<p><strong>\u200b<\/strong><strong>\u200b<\/strong><\/p>\n\n\n\n<p><strong>Tietojen s\u00e4ilytysaika<\/strong><\/p>\n\n\n\n<p>Sopimuksen pituuden mukaan ja tarpeellisuuden mukaan<\/p>\n\n\n\n<p><strong>Profilointi<\/strong><\/p>\n\n\n\n<p>Henkil\u00f6tietoja ei k\u00e4ytet\u00e4 profilointiin tai muuhun automaattiseen p\u00e4\u00e4t\u00f6ksentekoon.<\/p>\n\n\n\n<p><strong>Rekister\u00f6idyn oikeudet<\/strong><\/p>\n\n\n\n<p>Oikeus saada p\u00e4\u00e4sy henkil\u00f6tietoihin<\/p>\n\n\n\n<p>Rekister\u00f6idyll\u00e4 on oikeus saada vahvistus siit\u00e4, k\u00e4sitell\u00e4\u00e4nk\u00f6 h\u00e4nt\u00e4 koskevia henkil\u00f6tietoja, ja jos k\u00e4sitell\u00e4\u00e4n, oikeus saada kopio henkil\u00f6tiedoistaan.<\/p>\n\n\n\n<p>\u200b<\/p>\n\n\n\n<p><strong>Oikeus tietojen oikaisemiseen<\/strong><\/p>\n\n\n\n<p>Rekister\u00f6idyll\u00e4 on oikeus pyyt\u00e4\u00e4, ett\u00e4 h\u00e4nt\u00e4 koskevat ep\u00e4tarkat ja virheelliset henkil\u00f6tiedot korjataan.<\/p>\n\n\n\n<p>Rekister\u00f6idyll\u00e4 on my\u00f6s oikeus saada puutteelliset henkil\u00f6tiedot t\u00e4ydennetty\u00e4 toimittamalla tarvittavat lis\u00e4tiedot.<\/p>\n\n\n\n<p>\u200b<\/p>\n\n\n\n<p><strong>Oikeus tietojen poistamiseen<\/strong><\/p>\n\n\n\n<p>Rekister\u00f6idyll\u00e4 on oikeus pyyt\u00e4\u00e4 itse\u00e4\u00e4n koskevien henkil\u00f6tietojen poistamista, jos<\/p>\n\n\n\n<p>a. henkil\u00f6tietoja ei en\u00e4\u00e4 tarvita niihin tarkoituksiin, joita varten ne on ker\u00e4tty; tai<\/p>\n\n\n\n<p>b. henkil\u00f6tietoja on k\u00e4sitelty lainvastaisesti.<\/p>\n\n\n\n<p>Oikeus k\u00e4sittelyn rajoittamiseen<\/p>\n\n\n\n<p>Rekister\u00f6idyll\u00e4 on oikeus rajoittaa itse\u00e4\u00e4n koskevien henkil\u00f6tietojen k\u00e4sittely\u00e4, jos<\/p>\n\n\n\n<p>a. rekister\u00f6ity kiist\u00e4\u00e4 henkil\u00f6tietojensa paikkansapit\u00e4vyyden;<\/p>\n\n\n\n<p>b. k\u00e4sittely on lainvastaista, ja rekister\u00f6ity vastustaa henkil\u00f6tietojensa poistamista ja vaatii sen sijaan<\/p>\n\n\n\n<p>niiden k\u00e4yt\u00f6n rajoittamista; tai<\/p>\n\n\n\n<p>c. rekisterinpit\u00e4j\u00e4 ei en\u00e4\u00e4 tarvitse henkil\u00f6tietoja k\u00e4sittelyn alkuper\u00e4isiin tarkoituksiin, mutta<\/p>\n\n\n\n<p>rekister\u00f6ity tarvitsee niit\u00e4 oikeudellisen vaateen laatimiseksi, esitt\u00e4miseksi tai puolustamiseksi.<\/p>\n\n\n\n<p>Oikeus siirt\u00e4\u00e4 tiedot j\u00e4rjestelm\u00e4st\u00e4 toiseen<\/p>\n\n\n\n<p>Rekister\u00f6idyll\u00e4 on oikeus saada h\u00e4nt\u00e4 koskevat ja h\u00e4nen itse toimittamansa henkil\u00f6tiedot<\/p>\n\n\n\n<p>j\u00e4sennellyss\u00e4, yleisesti k\u00e4ytetyss\u00e4 ja koneellisesti luettavassa muodossa ja oikeus siirt\u00e4\u00e4 kyseiset<\/p>\n\n\n\n<p>tiedot toiselle rekisterinpit\u00e4j\u00e4lle.<\/p>\n\n\n\n<p>Oikeus tehd\u00e4 valitus valvontaviranomaiselle<\/p>\n\n\n\n<p>Henkil\u00f6tietoasioiden kansallisena valvontaviranomaisena on oikeusministeri\u00f6n yhteydess\u00e4 toimiva<\/p>\n\n\n\n<p>tietosuojavaltuutettu. Sinulla on oikeus saattaa asiasi valvontaviranomaisen k\u00e4sitelt\u00e4v\u00e4ksi, jos katsot,<\/p>\n\n\n\n<p>ett\u00e4 sinua koskevien henkil\u00f6tietojen k\u00e4sittelyss\u00e4 rikotaan sit\u00e4 koskevaa lains\u00e4\u00e4d\u00e4nt\u00f6\u00e4.<\/p>\n\n\n\n<p><strong>Yhteydenotot<\/strong><\/p>\n\n\n\n<p>Kaikissa henkil\u00f6tietojen k\u00e4sittelyyn liittyviss\u00e4 kysymyksiss\u00e4 ja omien oikeuksien k\u00e4ytt\u00e4miseen<\/p>\n\n\n\n<p>liittyviss\u00e4 tilanteissa rekister\u00f6idyn tulee ottaa yhteytt\u00e4 rekisteriasioista vastaavaan yhteyshenkil\u00f6\u00f6n<\/p>\n\n\n\n<p>s\u00e4hk\u00f6postitse osoitteeseen&nbsp;minna.lehtonen@orangerent.fi&nbsp;tai postitse osoitteeseen Varpasaarentie 122, 71720 K\u00e4\u00e4rmelahti<\/p>\n","protected":false},"excerpt":{"rendered":"<p>Tietosuojaseloste EU:n yleisen tietosuoja-asetuksen (679\/2016) mukainen versio \u200b Rekisterinpit\u00e4j\u00e4 Orangerent Y-tunnus: 2169919-9 osoite:&nbsp;Varpasaarentie 122, 71720 K\u00e4\u00e4rmelahti p. 040 715 7188 s\u00e4hk\u00f6posti:&nbsp;minna.lehtonen@orangerent.fi \u200b Tietosuoja-asioista vastaava yhteyshenkil\u00f6 Minna Lehtonen p. 040&nbsp;715 7188 s\u00e4hk\u00f6posti: minna.lehtonen@orangerent.fi Henkil\u00f6rekisterin nimi Orangerent:n yhteydenottajat \u200b Henkil\u00f6tietojen k\u00e4sittelyn peruste &hellip; <\/p>\n","protected":false},"author":1,"featured_media":0,"parent":0,"menu_order":0,"comment_status":"closed","ping_status":"open","template":"","meta":{"footnotes":""},"class_list":["post-3","page","type-page","status-publish","hentry"],"aioseo_notices":[],"_links":{"self":[{"href":"https:\/\/www.orangerent.fi\/index.php\/wp-json\/wp\/v2\/pages\/3","targetHints":{"allow":["GET"]}}],"collection":[{"href":"https:\/\/www.orangerent.fi\/index.php\/wp-json\/wp\/v2\/pages"}],"about":[{"href":"https:\/\/www.orangerent.fi\/index.php\/wp-json\/wp\/v2\/types\/page"}],"author":[{"embeddable":true,"href":"https:\/\/www.orangerent.fi\/index.php\/wp-json\/wp\/v2\/users\/1"}],"replies":[{"embeddable":true,"href":"https:\/\/www.orangerent.fi\/index.php\/wp-json\/wp\/v2\/comments?post=3"}],"version-history":[{"count":2,"href":"https:\/\/www.orangerent.fi\/index.php\/wp-json\/wp\/v2\/pages\/3\/revisions"}],"predecessor-version":[{"id":447,"href":"https:\/\/www.orangerent.fi\/index.php\/wp-json\/wp\/v2\/pages\/3\/revisions\/447"}],"wp:attachment":[{"href":"https:\/\/www.orangerent.fi\/index.php\/wp-json\/wp\/v2\/media?parent=3"}],"curies":[{"name":"wp","href":"https:\/\/api.w.org\/{rel}","templated":true}]}}