{"id":2,"date":"2022-10-08T15:46:47","date_gmt":"2022-10-08T15:46:47","guid":{"rendered":"http:\/\/www.orangerent.fi\/?page_id=2"},"modified":"2024-09-26T19:32:10","modified_gmt":"2024-09-26T19:32:10","slug":"orangerent-2","status":"publish","type":"page","link":"https:\/\/www.orangerent.fi\/index.php\/orangerent-2\/","title":{"rendered":"Orangerent"},"content":{"rendered":"\n<h3 class=\"wp-block-heading has-text-align-center\"><strong> <\/strong>Hyvinvointia luonnollisesti Sinulle!<\/h3>\n\n\n\n<blockquote class=\"wp-block-quote is-layout-flow wp-block-quote-is-layout-flow\">\n<figure class=\"wp-block-pullquote has-small-font-size\"><blockquote><p>Orangerent on erilaisiin hyvinvointiin liittyviin palveluihin <strong>erikoistunut yritys Pohjois-Savon K\u00e4\u00e4rmelahdessa (Kuopiossa).Vuokraamme <strong>liukulumikenki\u00e4<\/strong><\/strong>, <strong>SUP -lautoja  ja j\u00e4rjest\u00e4mme erilaisia tapahtumia ja retki\u00e4.<\/strong> Teemme yritysyhteisty\u00f6t\u00e4 paikallisten yritt\u00e4jien kanssa ja n\u00e4in voimme tarjota minipuolisesti juuri Sinulle kaiken mit\u00e4 tarvitset suunnittelitpa polttareita, pikkujoulua tai illanviettoa kaveriporukalle. Me autamme Sinua!<\/p><\/blockquote><\/figure>\n<\/blockquote>\n\n\n\n<figure class=\"wp-block-image size-large\"><img loading=\"lazy\" decoding=\"async\" width=\"1024\" height=\"312\" src=\"https:\/\/www.orangerent.fi\/wp-content\/uploads\/2024\/09\/banneri-orangerent-kukka-1-1024x312.jpg\" alt=\"\" class=\"wp-image-977\" srcset=\"https:\/\/www.orangerent.fi\/wp-content\/uploads\/2024\/09\/banneri-orangerent-kukka-1-1024x312.jpg 1024w, https:\/\/www.orangerent.fi\/wp-content\/uploads\/2024\/09\/banneri-orangerent-kukka-1-300x91.jpg 300w, https:\/\/www.orangerent.fi\/wp-content\/uploads\/2024\/09\/banneri-orangerent-kukka-1-768x234.jpg 768w, https:\/\/www.orangerent.fi\/wp-content\/uploads\/2024\/09\/banneri-orangerent-kukka-1-1536x468.jpg 1536w, https:\/\/www.orangerent.fi\/wp-content\/uploads\/2024\/09\/banneri-orangerent-kukka-1-1140x347.jpg 1140w, https:\/\/www.orangerent.fi\/wp-content\/uploads\/2024\/09\/banneri-orangerent-kukka-1.jpg 2000w\" sizes=\"auto, (max-width: 1024px) 100vw, 1024px\" \/><\/figure>\n\n\n\n<figure class=\"wp-block-pullquote has-small-font-size\"><blockquote><p><strong>Hei, olemme sinua varten.<\/strong><\/p><cite><strong>Meilt\u00e4 t\u00e4ydenpalvelun paketti tyhy\/tiimip\u00e4iv\u00e4\u00e4n, polttareihin, syntt\u00e4reille tai rentoiluun yst\u00e4vien kesken.<\/strong><br>Tarjoamme sinulle hyvinvointia arjen kiireiden vastapainoksi. Aikaa rauhoittua ja rentoutua sek\u00e4 luvan olla vain. Lupaamme, ett\u00e4 unohdat arjen kiireet ja huolet kanssamme.<\/cite><\/blockquote><\/figure>\n\n\n\n<div class=\"wp-block-media-text is-stacked-on-mobile\"><figure class=\"wp-block-media-text__media\"><img loading=\"lazy\" decoding=\"async\" width=\"1024\" height=\"1024\" src=\"https:\/\/www.orangerent.fi\/wp-content\/uploads\/2024\/09\/Yhteistyossa-Orangerent-Varpaniementila-Hieronta-tahtihetki-1-1024x1024.jpg\" alt=\"\" class=\"wp-image-1010 size-full\" srcset=\"https:\/\/www.orangerent.fi\/wp-content\/uploads\/2024\/09\/Yhteistyossa-Orangerent-Varpaniementila-Hieronta-tahtihetki-1-1024x1024.jpg 1024w, https:\/\/www.orangerent.fi\/wp-content\/uploads\/2024\/09\/Yhteistyossa-Orangerent-Varpaniementila-Hieronta-tahtihetki-1-300x300.jpg 300w, https:\/\/www.orangerent.fi\/wp-content\/uploads\/2024\/09\/Yhteistyossa-Orangerent-Varpaniementila-Hieronta-tahtihetki-1-150x150.jpg 150w, https:\/\/www.orangerent.fi\/wp-content\/uploads\/2024\/09\/Yhteistyossa-Orangerent-Varpaniementila-Hieronta-tahtihetki-1-768x768.jpg 768w, https:\/\/www.orangerent.fi\/wp-content\/uploads\/2024\/09\/Yhteistyossa-Orangerent-Varpaniementila-Hieronta-tahtihetki-1-1536x1536.jpg 1536w, https:\/\/www.orangerent.fi\/wp-content\/uploads\/2024\/09\/Yhteistyossa-Orangerent-Varpaniementila-Hieronta-tahtihetki-1-2048x2048.jpg 2048w, https:\/\/www.orangerent.fi\/wp-content\/uploads\/2024\/09\/Yhteistyossa-Orangerent-Varpaniementila-Hieronta-tahtihetki-1-1140x1140.jpg 1140w, https:\/\/www.orangerent.fi\/wp-content\/uploads\/2024\/09\/Yhteistyossa-Orangerent-Varpaniementila-Hieronta-tahtihetki-1-75x75.jpg 75w\" sizes=\"auto, (max-width: 1024px) 100vw, 1024px\" \/><\/figure><div class=\"wp-block-media-text__content\">\n<p class=\"has-small-font-size\">J\u00e4rjest\u00e4mme tapahtuman joko Sinun haluamassasi paikassa tai tiloissamme K\u00e4\u00e4rmelahdessa Varpaniemen tilan riihell\u00e4 tai Appelsiinilehdossa. Meill\u00e4 viet\u00e4t ikimuistoisia hetki\u00e4 isommalla tai pienemm\u00e4ll\u00e4 porukalla. <\/p>\n\n\n\n<p class=\"has-small-font-size\"><strong>Appelsiinilehto ja Varpaniemen tila sijaitsevat K\u00e4\u00e4rmelahdessa.<br>Meille ajelet Kuopion torilta puolessa tunnissa.<\/strong><\/p>\n\n\n\n<p class=\"has-small-font-size\"><strong><em>N\u00e4hd\u00e4\u00e4n pian!<\/em><\/strong><\/p>\n<\/div><\/div>\n\n\n\n<p><\/p>\n\n\n\n<hr class=\"wp-block-separator has-alpha-channel-opacity is-style-wide\"\/>\n\n\n\n<p><\/p>\n\n\n\n<p><strong><mark style=\"background-color:rgba(0, 0, 0, 0)\" class=\"has-inline-color has-luminous-vivid-orange-color\">Orangerent<\/mark><\/strong><\/p>\n\n\n\n<p><strong>Minna 040 715 7188<\/strong><\/p>\n\n\n\n<p><a href=\"http:\/\/www.ORANGERENT.fi\"><strong>www.ORANGERENT.fi<\/strong><\/a><\/p>\n\n\n\n<p>Appelsiinilehdossa on Orangerentin tilat, jossa j\u00e4rjest\u00e4mme monenlaista aktiviteetti\u00e4, liukulumikenk\u00e4ily\u00e4, suppailua, saunomista, ruokailua ja lepoa. Minna valmistaa monipuoliset herkut huomioiden erikoisruokavaliot.<\/p>\n\n\n\n<p>My\u00f6s erilaiset esitteet, kutsut onnistuvat niin printtin\u00e4 kuin digin\u00e4.<\/p>\n\n\n\n<p><\/p>\n\n\n\n<hr class=\"wp-block-separator has-alpha-channel-opacity is-style-wide\"\/>\n\n\n\n<p><\/p>\n\n\n\n<p><strong><mark style=\"background-color:rgba(0, 0, 0, 0);color:#007436\" class=\"has-inline-color\">Varpaniemen tila<\/mark><\/strong><\/p>\n\n\n\n<p><strong>Anni 044 273 7717<\/strong><\/p>\n\n\n\n<p><strong>www.varpaniementila.f<\/strong>i<\/p>\n\n\n\n<p>Varpaniemen tilalla viljell\u00e4\u00e4n avomaalla p\u00e4\u00e4satokasvina mansikkaa, hernett\u00e4, vadelmaa ja leikkokukkia, n\u00e4it\u00e4 tarjolla suoramyyntin\u00e4 sesonkina. Tilalla sijaitsee my\u00f6s vanha perinneriihi, jossa j\u00e4rjest\u00e4mme mm. tyhy-p\u00e4ivi\u00e4 ja kukkasidontakursseja. Anni tekee my\u00f6s tilauksesta kukkasidontoja.<\/p>\n\n\n\n<hr class=\"wp-block-separator has-alpha-channel-opacity is-style-wide\"\/>\n\n\n\n<p><strong><mark style=\"background-color:rgba(0, 0, 0, 0);color:#b7007e\" class=\"has-inline-color\">Hieronta t\u00e4htihetki<\/mark><\/strong><\/p>\n\n\n\n<p><strong>Merja 044 557 7800<\/strong><\/p>\n\n\n\n<p>Hieronta t\u00e4htihetki tarjoaa hierontapalveluita tapahtumien yhteydess\u00e4, joko Appelsiinilehdossa tai<\/p>\n\n\n\n<p>Varpaniemen tilan riihell\u00e4. Merjan liiketila sijaitsee Maaningan yrityskartanolla ja tiistaisin vastaanotto Fitis Training Centerill\u00e4 Bellanrannassa.<\/p>\n\n\n\n<p><\/p>\n\n\n\n<p><\/p>\n\n\n\n<p><strong>Suunnitellaan juuri teid\u00e4n n\u00e4k\u00f6isenne p\u00e4iv\u00e4, joka muistetaan pitk\u00e4\u00e4n!<\/strong><\/p>\n\n\n\n<p><\/p>\n\n\n\n<p><\/p>\n\n\n\n<figure class=\"wp-block-image size-large\"><img loading=\"lazy\" decoding=\"async\" width=\"1024\" height=\"312\" src=\"https:\/\/www.orangerent.fi\/wp-content\/uploads\/2024\/09\/banneri-orangerent-kukka-1024x312.jpg\" alt=\"\" class=\"wp-image-962\" srcset=\"https:\/\/www.orangerent.fi\/wp-content\/uploads\/2024\/09\/banneri-orangerent-kukka-1024x312.jpg 1024w, https:\/\/www.orangerent.fi\/wp-content\/uploads\/2024\/09\/banneri-orangerent-kukka-300x91.jpg 300w, https:\/\/www.orangerent.fi\/wp-content\/uploads\/2024\/09\/banneri-orangerent-kukka-768x234.jpg 768w, https:\/\/www.orangerent.fi\/wp-content\/uploads\/2024\/09\/banneri-orangerent-kukka-1536x468.jpg 1536w, https:\/\/www.orangerent.fi\/wp-content\/uploads\/2024\/09\/banneri-orangerent-kukka-1140x347.jpg 1140w, https:\/\/www.orangerent.fi\/wp-content\/uploads\/2024\/09\/banneri-orangerent-kukka.jpg 2000w\" sizes=\"auto, (max-width: 1024px) 100vw, 1024px\" \/><\/figure>\n\n\n\n<p class=\"has-text-align-center has-small-font-size\"><strong>Haluamme tarjota Sinulle ja Yst\u00e4villesi erilaisia palveluita liittyen luontoon ja luonnossa liikkumiseen. Meille t\u00e4m\u00e4 on tapa olla ja el\u00e4\u00e4. Haluamme, ett\u00e4 Sin\u00e4kin l\u00f6yd\u00e4t oman tapasi liikkua luonnossa ja pit\u00e4\u00e4 luonto l\u00e4hell\u00e4si. <\/strong><\/p>\n\n\n\n<p class=\"has-text-align-center has-small-font-size\">Ohjatuilla retkill\u00e4 l\u00f6yd\u00e4t uusia kohteita retkeilyyn ja luonnossa liikkumiseen. Tarjoamme my\u00f6s erilaisia k\u00e4dentaitopajoja, joissa p\u00e4\u00e4set toteuttamaan itse\u00e4si. Et tarvitse ennakkotaitoja, me ohjaamme Sinua ja pid\u00e4mme huolta Sinusta. Tulet sellaisena, kuin olet.<\/p>\n\n\n\n<figure class=\"wp-block-pullquote\"><blockquote><p><strong>Appelsiinilehdossa viet\u00e4t ikimuistoiset hetket!<\/strong><\/p><cite>Tervetuloa!<\/cite><\/blockquote><\/figure>\n\n\n\n<figure class=\"wp-block-image size-large\"><img loading=\"lazy\" decoding=\"async\" width=\"1024\" height=\"726\" src=\"https:\/\/www.orangerent.fi\/wp-content\/uploads\/2024\/09\/2-1-1024x726.png\" alt=\"Appelsiinilehto\" class=\"wp-image-1008\" srcset=\"https:\/\/www.orangerent.fi\/wp-content\/uploads\/2024\/09\/2-1-1024x726.png 1024w, https:\/\/www.orangerent.fi\/wp-content\/uploads\/2024\/09\/2-1-300x213.png 300w, https:\/\/www.orangerent.fi\/wp-content\/uploads\/2024\/09\/2-1-768x545.png 768w, https:\/\/www.orangerent.fi\/wp-content\/uploads\/2024\/09\/2-1-1140x809.png 1140w, https:\/\/www.orangerent.fi\/wp-content\/uploads\/2024\/09\/2-1.png 1500w\" sizes=\"auto, (max-width: 1024px) 100vw, 1024px\" \/><\/figure>\n\n\n\n<blockquote class=\"wp-block-quote is-layout-flow wp-block-quote-is-layout-flow\">\n<blockquote class=\"wp-block-quote is-layout-flow wp-block-quote-is-layout-flow\">\n<p><\/p>\n<\/blockquote>\n<\/blockquote>\n\n\n\n<hr class=\"wp-block-separator has-alpha-channel-opacity is-style-wide\"\/>\n\n\n\n<figure class=\"wp-block-image size-large\"><img loading=\"lazy\" decoding=\"async\" width=\"1024\" height=\"726\" src=\"https:\/\/www.orangerent.fi\/wp-content\/uploads\/2024\/09\/1-1-1024x726.png\" alt=\"\" class=\"wp-image-1007\" srcset=\"https:\/\/www.orangerent.fi\/wp-content\/uploads\/2024\/09\/1-1-1024x726.png 1024w, https:\/\/www.orangerent.fi\/wp-content\/uploads\/2024\/09\/1-1-300x213.png 300w, https:\/\/www.orangerent.fi\/wp-content\/uploads\/2024\/09\/1-1-768x545.png 768w, https:\/\/www.orangerent.fi\/wp-content\/uploads\/2024\/09\/1-1-1140x809.png 1140w, https:\/\/www.orangerent.fi\/wp-content\/uploads\/2024\/09\/1-1.png 1500w\" sizes=\"auto, (max-width: 1024px) 100vw, 1024px\" \/><\/figure>\n\n\n\n<hr class=\"wp-block-separator has-alpha-channel-opacity is-style-wide\"\/>\n\n\n\n<h4 class=\"wp-block-heading\"><\/h4>\n\n\n\n<p class=\"has-text-align-center has-small-font-size\">Ole yhteydess\u00e4, niin suunnitellaan Sinulle sopiva el\u00e4mys.<\/p>\n\n\n\n<p class=\"has-text-align-center has-small-font-size\">Yst\u00e4v\u00e4llisin terveisin<\/p>\n\n\n\n<p class=\"has-text-align-center has-small-font-size\">Orangerent Minna 040 715 7188 tai minna.lehtonen@orangerent.fi<\/p>\n\n\n\n\n","protected":false},"excerpt":{"rendered":"<p>Hyvinvointia luonnollisesti Sinulle! Orangerent on erilaisiin hyvinvointiin liittyviin palveluihin erikoistunut yritys Pohjois-Savon K\u00e4\u00e4rmelahdessa (Kuopiossa).Vuokraamme liukulumikenki\u00e4, SUP -lautoja ja j\u00e4rjest\u00e4mme erilaisia tapahtumia ja retki\u00e4. Teemme yritysyhteisty\u00f6t\u00e4 paikallisten yritt\u00e4jien kanssa ja n\u00e4in voimme tarjota minipuolisesti juuri Sinulle kaiken mit\u00e4 tarvitset suunnittelitpa polttareita, &hellip; <\/p>\n","protected":false},"author":1,"featured_media":0,"parent":0,"menu_order":0,"comment_status":"closed","ping_status":"closed","template":"","meta":{"footnotes":""},"class_list":["post-2","page","type-page","status-publish","hentry"],"aioseo_notices":[],"_links":{"self":[{"href":"https:\/\/www.orangerent.fi\/index.php\/wp-json\/wp\/v2\/pages\/2","targetHints":{"allow":["GET"]}}],"collection":[{"href":"https:\/\/www.orangerent.fi\/index.php\/wp-json\/wp\/v2\/pages"}],"about":[{"href":"https:\/\/www.orangerent.fi\/index.php\/wp-json\/wp\/v2\/types\/page"}],"author":[{"embeddable":true,"href":"https:\/\/www.orangerent.fi\/index.php\/wp-json\/wp\/v2\/users\/1"}],"replies":[{"embeddable":true,"href":"https:\/\/www.orangerent.fi\/index.php\/wp-json\/wp\/v2\/comments?post=2"}],"version-history":[{"count":76,"href":"https:\/\/www.orangerent.fi\/index.php\/wp-json\/wp\/v2\/pages\/2\/revisions"}],"predecessor-version":[{"id":1132,"href":"https:\/\/www.orangerent.fi\/index.php\/wp-json\/wp\/v2\/pages\/2\/revisions\/1132"}],"wp:attachment":[{"href":"https:\/\/www.orangerent.fi\/index.php\/wp-json\/wp\/v2\/media?parent=2"}],"curies":[{"name":"wp","href":"https:\/\/api.w.org\/{rel}","templated":true}]}}