{"id":141,"date":"2022-10-19T17:59:52","date_gmt":"2022-10-19T17:59:52","guid":{"rendered":"http:\/\/www.orangerent.fi\/?page_id=141"},"modified":"2023-10-26T13:59:48","modified_gmt":"2023-10-26T13:59:48","slug":"sauna","status":"publish","type":"page","link":"https:\/\/www.orangerent.fi\/index.php\/sauna\/","title":{"rendered":"Sauna"},"content":{"rendered":"\n<h2 class=\"wp-block-heading\">Sauna<\/h2>\n\n\n\n<p>Saunamme sijaitsee Pohjois-Savossa Kuopion K\u00e4\u00e4rmelahden Appelsiinilehdossa pienen ruokoveden rannalla. Sauna on valmistunut vuoden 2017 loppupuolella jouluksi ja on Salvoksen valmistama hirsisauna. Saunaan mahtuu yht\u00e4 aikaa saunomaan 6 aikuista ja saunassa k\u00e4ytet\u00e4\u00e4n vesijohtovett\u00e4. Rakennuksessa on my\u00f6s saunatupa, jossa l\u00e4mmitys Harvian kamiinalla ja tarvittaessa lis\u00e4l\u00e4mp\u00f6\u00e4 pattereilla. Saunatuvassa on my\u00f6s mahdollista y\u00f6py\u00e4 levitett\u00e4v\u00e4ll\u00e4 kahden hengen vuodesohvalla. <\/p>\n\n\n\n<p>Sauna on mahdollista vuokrata omaan k\u00e4ytt\u00f6\u00f6n ja Kuopion torilta meille ajaa autolla noin puolessa tunnissa.<\/p>\n\n\n\n<p><strong>Rantasaunan<\/strong> <strong>vuokraus<\/strong><\/p>\n\n\n\n<p>20 \u20ac \/ 2 tuntia \/ hl\u00f6<\/p>\n\n\n\n<div class=\"wp-block-columns is-layout-flex wp-container-core-columns-is-layout-9d6595d7 wp-block-columns-is-layout-flex\">\n<div class=\"wp-block-column is-layout-flow wp-block-column-is-layout-flow\" style=\"flex-basis:100%\">\n<figure class=\"wp-block-gallery has-nested-images columns-default is-cropped wp-block-gallery-1 is-layout-flex wp-block-gallery-is-layout-flex\">\n<figure class=\"wp-block-image size-large\"><img loading=\"lazy\" decoding=\"async\" width=\"1920\" height=\"2560\" data-id=\"164\" src=\"https:\/\/www.orangerent.fi\/wp-content\/uploads\/2022\/10\/Orangerent-tupa-1-scaled.jpg\" alt=\"saunatupa l\u00e4mpi\u00e4\u00e4 kaminalla\" class=\"wp-image-164\" srcset=\"https:\/\/www.orangerent.fi\/wp-content\/uploads\/2022\/10\/Orangerent-tupa-1-scaled.jpg 1920w, https:\/\/www.orangerent.fi\/wp-content\/uploads\/2022\/10\/Orangerent-tupa-1-225x300.jpg 225w, https:\/\/www.orangerent.fi\/wp-content\/uploads\/2022\/10\/Orangerent-tupa-1-768x1024.jpg 768w, https:\/\/www.orangerent.fi\/wp-content\/uploads\/2022\/10\/Orangerent-tupa-1-1152x1536.jpg 1152w, https:\/\/www.orangerent.fi\/wp-content\/uploads\/2022\/10\/Orangerent-tupa-1-1536x2048.jpg 1536w, https:\/\/www.orangerent.fi\/wp-content\/uploads\/2022\/10\/Orangerent-tupa-1-45x60.jpg 45w\" sizes=\"auto, (max-width: 1920px) 100vw, 1920px\" \/><figcaption class=\"wp-element-caption\">Saunatupa l\u00e4mpi\u00e4\u00e4 kaminalla<\/figcaption><\/figure>\n\n\n\n<figure class=\"wp-block-image size-large\"><img loading=\"lazy\" decoding=\"async\" width=\"2560\" height=\"1920\" data-id=\"150\" src=\"https:\/\/www.orangerent.fi\/wp-content\/uploads\/2022\/10\/Orangerent-sauna-1-scaled.jpg\" alt=\"Syksyinen maisema Appelsiinilehdossa\" class=\"wp-image-150\" srcset=\"https:\/\/www.orangerent.fi\/wp-content\/uploads\/2022\/10\/Orangerent-sauna-1-scaled.jpg 2560w, https:\/\/www.orangerent.fi\/wp-content\/uploads\/2022\/10\/Orangerent-sauna-1-300x225.jpg 300w, https:\/\/www.orangerent.fi\/wp-content\/uploads\/2022\/10\/Orangerent-sauna-1-1024x768.jpg 1024w, https:\/\/www.orangerent.fi\/wp-content\/uploads\/2022\/10\/Orangerent-sauna-1-768x576.jpg 768w, https:\/\/www.orangerent.fi\/wp-content\/uploads\/2022\/10\/Orangerent-sauna-1-1536x1152.jpg 1536w, https:\/\/www.orangerent.fi\/wp-content\/uploads\/2022\/10\/Orangerent-sauna-1-2048x1536.jpg 2048w, https:\/\/www.orangerent.fi\/wp-content\/uploads\/2022\/10\/Orangerent-sauna-1-80x60.jpg 80w\" sizes=\"auto, (max-width: 2560px) 100vw, 2560px\" \/><figcaption class=\"wp-element-caption\">Syksyinen maisema Appelsiinilehdossa<\/figcaption><\/figure>\n\n\n\n<figure class=\"wp-block-image size-large\"><img loading=\"lazy\" decoding=\"async\" width=\"2200\" height=\"1650\" data-id=\"154\" src=\"https:\/\/www.orangerent.fi\/wp-content\/uploads\/2022\/10\/Orangerent-sauna-4-scaled.jpg\" alt=\"Sauna sijaitsee j\u00e4rvenrannalla K\u00e4\u00e4rmelahdessa\" class=\"wp-image-154\" srcset=\"https:\/\/www.orangerent.fi\/wp-content\/uploads\/2022\/10\/Orangerent-sauna-4-scaled.jpg 2200w, https:\/\/www.orangerent.fi\/wp-content\/uploads\/2022\/10\/Orangerent-sauna-4-300x225.jpg 300w, https:\/\/www.orangerent.fi\/wp-content\/uploads\/2022\/10\/Orangerent-sauna-4-1024x768.jpg 1024w, https:\/\/www.orangerent.fi\/wp-content\/uploads\/2022\/10\/Orangerent-sauna-4-768x576.jpg 768w, https:\/\/www.orangerent.fi\/wp-content\/uploads\/2022\/10\/Orangerent-sauna-4-1536x1152.jpg 1536w, https:\/\/www.orangerent.fi\/wp-content\/uploads\/2022\/10\/Orangerent-sauna-4-2048x1536.jpg 2048w, https:\/\/www.orangerent.fi\/wp-content\/uploads\/2022\/10\/Orangerent-sauna-4-80x60.jpg 80w\" sizes=\"auto, (max-width: 2200px) 100vw, 2200px\" \/><figcaption class=\"wp-element-caption\">Sauna sijaitsee j\u00e4rvenrannalla K\u00e4\u00e4rmelahdessa.<\/figcaption><\/figure>\n\n\n\n<figure class=\"wp-block-image size-large\"><img loading=\"lazy\" decoding=\"async\" width=\"2560\" height=\"1920\" data-id=\"152\" src=\"https:\/\/www.orangerent.fi\/wp-content\/uploads\/2022\/10\/Orangerent-sauna-2-scaled.jpg\" alt=\"hirsisauna sis\u00e4lt\u00e4\" class=\"wp-image-152\" srcset=\"https:\/\/www.orangerent.fi\/wp-content\/uploads\/2022\/10\/Orangerent-sauna-2-scaled.jpg 2560w, https:\/\/www.orangerent.fi\/wp-content\/uploads\/2022\/10\/Orangerent-sauna-2-300x225.jpg 300w, https:\/\/www.orangerent.fi\/wp-content\/uploads\/2022\/10\/Orangerent-sauna-2-1024x768.jpg 1024w, https:\/\/www.orangerent.fi\/wp-content\/uploads\/2022\/10\/Orangerent-sauna-2-768x576.jpg 768w, https:\/\/www.orangerent.fi\/wp-content\/uploads\/2022\/10\/Orangerent-sauna-2-1536x1152.jpg 1536w, https:\/\/www.orangerent.fi\/wp-content\/uploads\/2022\/10\/Orangerent-sauna-2-2048x1536.jpg 2048w, https:\/\/www.orangerent.fi\/wp-content\/uploads\/2022\/10\/Orangerent-sauna-2-80x60.jpg 80w\" sizes=\"auto, (max-width: 2560px) 100vw, 2560px\" \/><figcaption class=\"wp-element-caption\">Sauna sis\u00e4lt\u00e4<\/figcaption><\/figure>\n\n\n\n<figure class=\"wp-block-image size-large\"><img loading=\"lazy\" decoding=\"async\" width=\"1920\" height=\"2560\" data-id=\"151\" src=\"https:\/\/www.orangerent.fi\/wp-content\/uploads\/2022\/10\/Orangerent-sauna-3-scaled.jpg\" alt=\"Harvian kiuas l\u00e4mmitt\u00e4\u00e4 mukavasti\" class=\"wp-image-151\" srcset=\"https:\/\/www.orangerent.fi\/wp-content\/uploads\/2022\/10\/Orangerent-sauna-3-scaled.jpg 1920w, https:\/\/www.orangerent.fi\/wp-content\/uploads\/2022\/10\/Orangerent-sauna-3-225x300.jpg 225w, https:\/\/www.orangerent.fi\/wp-content\/uploads\/2022\/10\/Orangerent-sauna-3-768x1024.jpg 768w, https:\/\/www.orangerent.fi\/wp-content\/uploads\/2022\/10\/Orangerent-sauna-3-1152x1536.jpg 1152w, https:\/\/www.orangerent.fi\/wp-content\/uploads\/2022\/10\/Orangerent-sauna-3-1536x2048.jpg 1536w, https:\/\/www.orangerent.fi\/wp-content\/uploads\/2022\/10\/Orangerent-sauna-3-45x60.jpg 45w\" sizes=\"auto, (max-width: 1920px) 100vw, 1920px\" \/><figcaption class=\"wp-element-caption\">Harvian kiuas l\u00e4mmitt\u00e4\u00e4 mukavasti<\/figcaption><\/figure>\n\n\n\n<figure class=\"wp-block-image\"><img loading=\"lazy\" decoding=\"async\" width=\"2560\" height=\"1920\" data-id=\"165\" src=\"https:\/\/www.orangerent.fi\/wp-content\/uploads\/2022\/10\/Orangerent-sauna-5-scaled.jpg\" alt=\"Hirsisauna Appelsiinilehdossa\" class=\"wp-image-165\" srcset=\"https:\/\/www.orangerent.fi\/wp-content\/uploads\/2022\/10\/Orangerent-sauna-5-scaled.jpg 2560w, https:\/\/www.orangerent.fi\/wp-content\/uploads\/2022\/10\/Orangerent-sauna-5-300x225.jpg 300w, https:\/\/www.orangerent.fi\/wp-content\/uploads\/2022\/10\/Orangerent-sauna-5-1024x768.jpg 1024w, https:\/\/www.orangerent.fi\/wp-content\/uploads\/2022\/10\/Orangerent-sauna-5-768x576.jpg 768w, https:\/\/www.orangerent.fi\/wp-content\/uploads\/2022\/10\/Orangerent-sauna-5-1536x1152.jpg 1536w, https:\/\/www.orangerent.fi\/wp-content\/uploads\/2022\/10\/Orangerent-sauna-5-2048x1536.jpg 2048w, https:\/\/www.orangerent.fi\/wp-content\/uploads\/2022\/10\/Orangerent-sauna-5-80x60.jpg 80w\" sizes=\"auto, (max-width: 2560px) 100vw, 2560px\" \/><figcaption class=\"wp-element-caption\">Kev\u00e4taurinko hellii<\/figcaption><\/figure>\n<\/figure>\n<\/div>\n<\/div>\n\n\n\n<h2 class=\"wp-block-heading\"><\/h2>\n","protected":false},"excerpt":{"rendered":"<p>Sauna Saunamme sijaitsee Pohjois-Savossa Kuopion K\u00e4\u00e4rmelahden Appelsiinilehdossa pienen ruokoveden rannalla. Sauna on valmistunut vuoden 2017 loppupuolella jouluksi ja on Salvoksen valmistama hirsisauna. Saunaan mahtuu yht\u00e4 aikaa saunomaan 6 aikuista ja saunassa k\u00e4ytet\u00e4\u00e4n vesijohtovett\u00e4. Rakennuksessa on my\u00f6s saunatupa, jossa l\u00e4mmitys Harvian &hellip; <\/p>\n","protected":false},"author":1,"featured_media":165,"parent":0,"menu_order":0,"comment_status":"closed","ping_status":"closed","template":"","meta":{"footnotes":""},"class_list":["post-141","page","type-page","status-publish","has-post-thumbnail","hentry"],"aioseo_notices":[],"_links":{"self":[{"href":"https:\/\/www.orangerent.fi\/index.php\/wp-json\/wp\/v2\/pages\/141","targetHints":{"allow":["GET"]}}],"collection":[{"href":"https:\/\/www.orangerent.fi\/index.php\/wp-json\/wp\/v2\/pages"}],"about":[{"href":"https:\/\/www.orangerent.fi\/index.php\/wp-json\/wp\/v2\/types\/page"}],"author":[{"embeddable":true,"href":"https:\/\/www.orangerent.fi\/index.php\/wp-json\/wp\/v2\/users\/1"}],"replies":[{"embeddable":true,"href":"https:\/\/www.orangerent.fi\/index.php\/wp-json\/wp\/v2\/comments?post=141"}],"version-history":[{"count":22,"href":"https:\/\/www.orangerent.fi\/index.php\/wp-json\/wp\/v2\/pages\/141\/revisions"}],"predecessor-version":[{"id":828,"href":"https:\/\/www.orangerent.fi\/index.php\/wp-json\/wp\/v2\/pages\/141\/revisions\/828"}],"wp:featuredmedia":[{"embeddable":true,"href":"https:\/\/www.orangerent.fi\/index.php\/wp-json\/wp\/v2\/media\/165"}],"wp:attachment":[{"href":"https:\/\/www.orangerent.fi\/index.php\/wp-json\/wp\/v2\/media?parent=141"}],"curies":[{"name":"wp","href":"https:\/\/api.w.org\/{rel}","templated":true}]}}